{"id":129,"date":"2018-03-21T17:16:42","date_gmt":"2018-03-21T17:16:42","guid":{"rendered":"http:\/\/biskopen.se\/?page_id=129"},"modified":"2020-10-08T11:00:07","modified_gmt":"2020-10-08T10:00:07","slug":"rydsgard","status":"publish","type":"page","link":"http:\/\/biskopen.se\/index.php\/rydsgard\/","title":{"rendered":"Rydsg\u00e5rd"},"content":{"rendered":"\n<h3 class=\"wp-block-heading\">Omr\u00e5de och adresser<\/h3>\n\n\n\n<figure class=\"wp-block-table\"><table class=\"has-subtle-light-gray-background-color has-fixed-layout has-background\"><tbody><tr><td class=\"has-text-align-center\" data-align=\"center\"><img loading=\"lazy\" decoding=\"async\" width=\"100\" height=\"196\" class=\"wp-image-309\" style=\"width: 100px;\" src=\"http:\/\/biskopen.se\/wp-content\/uploads\/2018\/03\/Biskop-hus-dark.png\" alt=\"\" srcset=\"http:\/\/biskopen.se\/wp-content\/uploads\/2018\/03\/Biskop-hus-dark.png 891w, http:\/\/biskopen.se\/wp-content\/uploads\/2018\/03\/Biskop-hus-dark-153x300.png 153w, http:\/\/biskopen.se\/wp-content\/uploads\/2018\/03\/Biskop-hus-dark-768x1505.png 768w, http:\/\/biskopen.se\/wp-content\/uploads\/2018\/03\/Biskop-hus-dark-523x1024.png 523w\" sizes=\"(max-width: 100px) 100vw, 100px\" \/><\/td><td class=\"has-text-align-center\" data-align=\"center\"><img loading=\"lazy\" decoding=\"async\" width=\"100\" height=\"196\" class=\"wp-image-309\" style=\"width: 100px;\" src=\"http:\/\/biskopen.se\/wp-content\/uploads\/2018\/03\/Biskop-hus-dark.png\" alt=\"\" srcset=\"http:\/\/biskopen.se\/wp-content\/uploads\/2018\/03\/Biskop-hus-dark.png 891w, http:\/\/biskopen.se\/wp-content\/uploads\/2018\/03\/Biskop-hus-dark-153x300.png 153w, http:\/\/biskopen.se\/wp-content\/uploads\/2018\/03\/Biskop-hus-dark-768x1505.png 768w, http:\/\/biskopen.se\/wp-content\/uploads\/2018\/03\/Biskop-hus-dark-523x1024.png 523w\" sizes=\"(max-width: 100px) 100vw, 100px\" \/><\/td><\/tr><tr><td class=\"has-text-align-center\" data-align=\"center\">Nygatan 16<br>Nygatan 18<br>Nygatan 20<br>Nygatan 22<\/td><td class=\"has-text-align-center\" data-align=\"center\">Bangatan 1A-C<br>V\u00e4stra Storgatan 12A-B<\/td><\/tr><\/tbody><\/table><\/figure>\n\n\n<p><b>R Y D S G \u00c5 R D<span style=\"font-weight: 400;\"><br \/><\/span><\/b>Rydsg\u00e5rd \u00e4r en t\u00e4tort i Skurups Kommun i Sk\u00e5ne.<br \/>T\u00e4torten \u00e4r, liksom Skurup, ett j\u00e4rnv\u00e4gssamh\u00e4lle som vuxit fram vid j\u00e4rnv\u00e4gen mellan Malm\u00f6 och Ystad. Bebyggelsen best\u00e5r huvudsakligen av enfamiljshus och villor. I t\u00e4torten finns en skola med l\u00e5g- och mellanstadium.<br \/>M\u00e5nga av t\u00e4tortens inv\u00e5nare pendlar till Malm\u00f6 och Ystad. Ett av f\u00e5 f\u00f6retag \u00e4r Rydsg\u00e5rds Varmf\u00f6rzinkning AB. Under 1990-talet har ett flertal sm\u00e5industrier tillkommit i den f\u00f6re detta st\u00e4ngseln\u00e4tsfabriken.<\/p>\n<p>Rydsg\u00e5rds stationssamh\u00e4lle uppstod efter tillkomsten av Malm\u00f6-Ystads j\u00e4rnv\u00e4g 1874. En station anlades vid bron \u00f6ver Skivarps\u00e5n p\u00e5 gr\u00e4nsen mellan Villie och \u00d6rsj\u00f6 kommuner.Det nya samh\u00e4llet som v\u00e4xte upp och blev en \u201dsammankoppling\u201d av \u00d6rsj\u00f6 och Villie:s kommuner. Orten fick sitt namn efter Rydsg\u00e5rds gods, 5km norrut.<br \/>1895 tillkom \u00e4ven j\u00e4rnv\u00e4gsf\u00f6rbindelsen Trelleborg-Rydsg\u00e5rds j\u00e4rnv\u00e4g (TRJ).\u00a0Samh\u00e4llet v\u00e4xte. Hantverkare och aff\u00e4rsm\u00e4n etablerade sig i rask takt. 1888 byggdes Rydsg\u00e5rds J\u00e4rnv\u00e4gshotell. Mycket har f\u00f6r\u00e4ndrats under tidens g\u00e5ng. J\u00e4rnv\u00e4gsf\u00f6rbindelsen med Trelleborg upph\u00f6rde 1956 n\u00e4r det g\u00e4llde persontrafiken medan godstrafiken fortlevde fram till 1970.<\/p>\n<p>Vid ing\u00e5ngen av 1920 talet startade en fabrik i liten skala med att tillverka n\u00e4t. Detta var starten p\u00e5 St\u00e4ngseln\u00e4t, som sedan kom att betyda oerh\u00f6rt mycket f\u00f6r Rydsg\u00e5rds utbyggnad och v\u00e4lst\u00e5nd. N\u00e4ttillverkningen expanderade i snabb takt och man b\u00f6rjade \u00e4ven tillverka andra produkter som spik och k\u00e4tting. Som mest sysselsatte fabriken 280 personer. St\u00e4ngseln\u00e4tsfabriken finnes ej l\u00e4ngre men, p\u00e5 fabriksomr\u00e5det finnes lite sm\u00e5industrier samt en galvanisering.<\/p>\n<p>Rydsg\u00e5rd. Rydsg\u00e5rd l\u00e5g ursprungligen delvis i Villie kommun, Ljunits h\u00e4rad och delvis i \u00d6rsj\u00f6 kommun, Vemmenh\u00f6gs h\u00e4rad. B\u00e5de dessa kommuner uppgick 1952 i Rydsg\u00e5rds kommun. Rydsg\u00e5rds landskommun var en tidigare kommun i d\u00e5varande Malm\u00f6hus l\u00e4n. Kommunen bildades vid storkommunreformen 1952 genom sammanl\u00e4ggningen av de tidigare kommunerna Kattsl\u00f6sa, Slimminge, Solberga, Villie och \u00d6rsj\u00f6. Kommunen lades samman med Skurups kommun den 1 januari 1971.<\/p>\n<p>F\u00f6rutom en vacker bygd med n\u00e4rhet till det mesta, \u00e4r det kommunikationerna som g\u00f6r att fler och fler vill bos\u00e4tta sig i Rydsg\u00e5rd. \u00c5terigen, som n\u00e4r samh\u00e4llet byggdes upp, s\u00e5 \u00e4r j\u00e4rnv\u00e4gen en stor tillg\u00e5ng.<br \/>Vi kan numera snabbt och enkelt och med bra turt\u00e4thet \u00e5ka s\u00e5v\u00e4l till K\u00f6penhamn som till Simrishamn. E65:an g\u00f6r att de som v\u00e4ljer att k\u00f6ra bil, snabbt kan komma dit man vill.<br \/>I Rydsg\u00e5rds t\u00e4tort (Centralort) bor idag ca 1250 personer . I de orter som tidigare ingick i Rydsg\u00e5rds \u201dgamla\u201d kommun bor ca 1100 personer.<br \/>N\u00e4rhet till badstr\u00e4nder vid Bingsmarken och Mossbystrand, inbjudande str\u00f6vomr\u00e5den, ett vackert kulturlandskap, ett rikt f\u00f6reniningsliv, fina museer och mycket mer.<\/p>\n<p><strong>R y d s g \u00e5 r d s\u00a0\u00a0 g o d s :<\/strong><br \/>Rydsg\u00e5rds gods ligger 5 km norr om Rydsg\u00e5rds t\u00e4tort. Det \u00e4r ett av de vackrast bel\u00e4gna i Sk\u00e5ne. Huvudbyggnaden, ursprungligen uppf\u00f6rd 1740, best\u00e5r av ett st\u00f6rre env\u00e5ningshus med frontespis samt tv\u00e5 l\u00e4gre flyglar. Den ligger vid s\u00f6dra stranden av en liten insj\u00f6, alldeles p\u00e5 gr\u00e4nsen mellan sl\u00e4tten och den vackra skogsbygden. P\u00e5 andra sidan sj\u00f6n finns Rydsg\u00e5rdstenen, en runsten. En promenadstig genom bokskogen leder fram till runstenen.<\/p>\n<p>Den egentlige grundl\u00e4ggaren av godset \u00e4r generalaudit\u00f6ren Joakim Ehrenbusch, som efter fru Metta Rosencrantz p\u00e5 H\u00e4ckeberga (d\u00f6d 1683) blev \u00e4gare av den d\u00e5 \u00e4nnu obetydliga egendomen och ut\u00f6kade den genom ink\u00f6p av en m\u00e4ngd kringliggande g\u00e5rdar. Fr\u00e5n hans halvbroder Anders Pr\u00e6bis k\u00f6ptes det f\u00f6r en ringa summa 1715 av h\u00e4radsh\u00f6vdingen Sven Hallenberg (1720 adlad Hallenborg). Inom sl\u00e4kten Hallenborg stannade godset till 1903, d\u00e5 det s\u00e5ldes till ett aktiebolag, Rydsg\u00e5rds Jordbruks-AB, med Wilhelm Westrup som verkst\u00e4llande direkt\u00f6r. Godset gick i arv i n\u00e5gra led och s\u00e5ldes 1972 till det nybildade Rydsg\u00e5rds Gods AB som idag (2007) \u00e4gs och drivs av Ulrik och Urban Wehtje. 2009 s\u00e5ledes godsets 1118 hektar till George Bergengren, Pugerup och B\u00f6ketofta Jordbrukskompani AB sedan familjen Wehtje f\u00e5tt ekonomiska problem.<\/p>","protected":false},"excerpt":{"rendered":"<p>Omr\u00e5de och adresser Nygatan 16Nygatan 18Nygatan 20Nygatan 22 Bangatan 1A-CV\u00e4stra Storgatan 12A-B R Y D S G \u00c5 R DRydsg\u00e5rd \u00e4r en t\u00e4tort i Skurups Kommun i Sk\u00e5ne.T\u00e4torten \u00e4r, liksom Skurup, ett j\u00e4rnv\u00e4gssamh\u00e4lle som vuxit fram vid j\u00e4rnv\u00e4gen mellan Malm\u00f6 och Ystad. Bebyggelsen best\u00e5r huvudsakligen av enfamiljshus och villor. I t\u00e4torten finns en skola med l\u00e5g- och mellanstadium.M\u00e5nga av t\u00e4tortens inv\u00e5nare pendlar till Malm\u00f6 och Ystad. Ett av f\u00e5 f\u00f6retag \u00e4r Rydsg\u00e5rds Varmf\u00f6rzinkning AB. Under 1990-talet har ett flertal sm\u00e5industrier&#8230;<\/p>\n<p class=\"read-more\"><a class=\"btn btn-default\" href=\"http:\/\/biskopen.se\/index.php\/rydsgard\/\">L\u00e4s mer<span class=\"screen-reader-text\"> L\u00e4s mer<\/span><\/a><\/p>\n","protected":false},"author":3,"featured_media":0,"parent":0,"menu_order":0,"comment_status":"closed","ping_status":"closed","template":"","meta":{"saved_in_kubio":false,"footnotes":""},"class_list":["post-129","page","type-page","status-publish","hentry"],"kubio_ai_page_context":{"short_desc":"","purpose":"general"},"_links":{"self":[{"href":"http:\/\/biskopen.se\/index.php\/wp-json\/wp\/v2\/pages\/129","targetHints":{"allow":["GET"]}}],"collection":[{"href":"http:\/\/biskopen.se\/index.php\/wp-json\/wp\/v2\/pages"}],"about":[{"href":"http:\/\/biskopen.se\/index.php\/wp-json\/wp\/v2\/types\/page"}],"author":[{"embeddable":true,"href":"http:\/\/biskopen.se\/index.php\/wp-json\/wp\/v2\/users\/3"}],"replies":[{"embeddable":true,"href":"http:\/\/biskopen.se\/index.php\/wp-json\/wp\/v2\/comments?post=129"}],"version-history":[{"count":4,"href":"http:\/\/biskopen.se\/index.php\/wp-json\/wp\/v2\/pages\/129\/revisions"}],"predecessor-version":[{"id":3907,"href":"http:\/\/biskopen.se\/index.php\/wp-json\/wp\/v2\/pages\/129\/revisions\/3907"}],"wp:attachment":[{"href":"http:\/\/biskopen.se\/index.php\/wp-json\/wp\/v2\/media?parent=129"}],"curies":[{"name":"wp","href":"https:\/\/api.w.org\/{rel}","templated":true}]}}