{"id":3987,"date":"2020-10-19T16:45:02","date_gmt":"2020-10-19T15:45:02","guid":{"rendered":"http:\/\/biskopen.se\/?page_id=3987"},"modified":"2020-10-23T13:07:42","modified_gmt":"2020-10-23T12:07:42","slug":"rehnschold24","status":"publish","type":"page","link":"http:\/\/biskopen.se\/index.php\/rehnschold24\/","title":{"rendered":"Rehnsch\u00f6ld 24"},"content":{"rendered":"\n<div class=\"wp-block-media-text alignwide has-background has-very-light-gray-background-color is-stacked-on-mobile\"><figure class=\"wp-block-media-text__media\"><img loading=\"lazy\" decoding=\"async\" width=\"768\" height=\"1024\" src=\"http:\/\/biskopen.se\/wp-content\/uploads\/2020\/10\/IMG_6075-768x1024.jpg\" alt=\"\" class=\"wp-image-3989\" srcset=\"http:\/\/biskopen.se\/wp-content\/uploads\/2020\/10\/IMG_6075-768x1024.jpg 768w, http:\/\/biskopen.se\/wp-content\/uploads\/2020\/10\/IMG_6075-225x300.jpg 225w, http:\/\/biskopen.se\/wp-content\/uploads\/2020\/10\/IMG_6075-1152x1536.jpg 1152w, http:\/\/biskopen.se\/wp-content\/uploads\/2020\/10\/IMG_6075-1536x2048.jpg 1536w, http:\/\/biskopen.se\/wp-content\/uploads\/2020\/10\/IMG_6075-1200x1600.jpg 1200w, http:\/\/biskopen.se\/wp-content\/uploads\/2020\/10\/IMG_6075-scaled.jpg 1920w\" sizes=\"(max-width: 768px) 100vw, 768px\" \/><\/figure><div class=\"wp-block-media-text__content\">\n<p class=\"has-background has-small-font-size has-very-light-gray-background-color\"><b>ERIKSGATAN 20<\/b><br>Beteckning: Rehnsch\u00f6ld 24 <br>Bygg\u00e5r: 1850-1879<br>Ombyggt: 1969 <br>Hiss: Nej <br>Antal l\u00e4genheter: 7 <br>Antal kommersiella lokaler: 2 <br>Antal v\u00e5ningar: 4 v\u00e5ningar <br>Antal garage: 9 <br><br><b>GAMLA KYRKOG 19A-B<\/b><br>Beteckning: Rehnsch\u00f6ld 24 <br>Bygg\u00e5r: 1800-talet<br>Ombyggt: 1967 <br>Hiss: Nej <br>Antal l\u00e4genheter: 1 <br>Antal kommersiella lokaler: 1 <br>Antal v\u00e5ningar: 1 v\u00e5ning <\/p>\n<\/div><\/div>\n\n\n\n<p class=\"has-background has-normal-font-size has-very-light-gray-background-color\"><strong>\u201dKASERNPLAN\u2026<\/strong><br>\u00e4r en omtyckt stadsdel i Landskrona. I n\u00e4rheten av flera gr\u00f6na parker och \u00e4nd\u00e5 tillr\u00e4ckligt n\u00e4ra city. H\u00e4rifr\u00e5n beh\u00f6ver du inte ta m\u00e5nga steg f\u00f6r att hitta shopping, restauranger, caf\u00e9er och barer att falla f\u00f6r. Ett strategiskt l\u00e4ge &amp; med prestigefylld adress vid R\u00e5dhustorget &amp; Kasernplan och n\u00e4rheten till havet.<strong>\u201d<\/strong><\/p>\n\n\n\n<figure class=\"wp-block-gallery columns-3 is-cropped wp-block-gallery-1 is-layout-flex wp-block-gallery-is-layout-flex\"><ul class=\"blocks-gallery-grid\"><li class=\"blocks-gallery-item\"><figure><img loading=\"lazy\" decoding=\"async\" width=\"768\" height=\"1024\" src=\"http:\/\/biskopen.se\/wp-content\/uploads\/2020\/10\/IMG_6075-768x1024.jpg\" alt=\"\" data-id=\"3989\" data-full-url=\"http:\/\/biskopen.se\/wp-content\/uploads\/2020\/10\/IMG_6075-scaled.jpg\" data-link=\"http:\/\/biskopen.se\/?attachment_id=3989\" class=\"wp-image-3989\" srcset=\"http:\/\/biskopen.se\/wp-content\/uploads\/2020\/10\/IMG_6075-768x1024.jpg 768w, http:\/\/biskopen.se\/wp-content\/uploads\/2020\/10\/IMG_6075-225x300.jpg 225w, http:\/\/biskopen.se\/wp-content\/uploads\/2020\/10\/IMG_6075-1152x1536.jpg 1152w, http:\/\/biskopen.se\/wp-content\/uploads\/2020\/10\/IMG_6075-1536x2048.jpg 1536w, http:\/\/biskopen.se\/wp-content\/uploads\/2020\/10\/IMG_6075-1200x1600.jpg 1200w, http:\/\/biskopen.se\/wp-content\/uploads\/2020\/10\/IMG_6075-scaled.jpg 1920w\" sizes=\"(max-width: 768px) 100vw, 768px\" \/><\/figure><\/li><li class=\"blocks-gallery-item\"><figure><img loading=\"lazy\" decoding=\"async\" width=\"768\" height=\"1024\" src=\"http:\/\/biskopen.se\/wp-content\/uploads\/2020\/10\/IMG_6282-768x1024.jpg\" alt=\"\" data-id=\"3995\" data-full-url=\"http:\/\/biskopen.se\/wp-content\/uploads\/2020\/10\/IMG_6282-scaled.jpg\" data-link=\"http:\/\/biskopen.se\/?attachment_id=3995\" class=\"wp-image-3995\" srcset=\"http:\/\/biskopen.se\/wp-content\/uploads\/2020\/10\/IMG_6282-768x1024.jpg 768w, http:\/\/biskopen.se\/wp-content\/uploads\/2020\/10\/IMG_6282-225x300.jpg 225w, http:\/\/biskopen.se\/wp-content\/uploads\/2020\/10\/IMG_6282-1152x1536.jpg 1152w, http:\/\/biskopen.se\/wp-content\/uploads\/2020\/10\/IMG_6282-1536x2048.jpg 1536w, http:\/\/biskopen.se\/wp-content\/uploads\/2020\/10\/IMG_6282-1200x1600.jpg 1200w, http:\/\/biskopen.se\/wp-content\/uploads\/2020\/10\/IMG_6282-scaled.jpg 1920w\" sizes=\"(max-width: 768px) 100vw, 768px\" \/><\/figure><\/li><li class=\"blocks-gallery-item\"><figure><img loading=\"lazy\" decoding=\"async\" width=\"768\" height=\"1024\" src=\"http:\/\/biskopen.se\/wp-content\/uploads\/2020\/10\/IMG_6298-768x1024.jpg\" alt=\"\" data-id=\"3997\" data-full-url=\"http:\/\/biskopen.se\/wp-content\/uploads\/2020\/10\/IMG_6298-scaled.jpg\" data-link=\"http:\/\/biskopen.se\/?attachment_id=3997\" class=\"wp-image-3997\" srcset=\"http:\/\/biskopen.se\/wp-content\/uploads\/2020\/10\/IMG_6298-768x1024.jpg 768w, http:\/\/biskopen.se\/wp-content\/uploads\/2020\/10\/IMG_6298-225x300.jpg 225w, http:\/\/biskopen.se\/wp-content\/uploads\/2020\/10\/IMG_6298-1152x1536.jpg 1152w, http:\/\/biskopen.se\/wp-content\/uploads\/2020\/10\/IMG_6298-1536x2048.jpg 1536w, http:\/\/biskopen.se\/wp-content\/uploads\/2020\/10\/IMG_6298-1200x1600.jpg 1200w, http:\/\/biskopen.se\/wp-content\/uploads\/2020\/10\/IMG_6298-scaled.jpg 1920w\" sizes=\"(max-width: 768px) 100vw, 768px\" \/><\/figure><\/li><li class=\"blocks-gallery-item\"><figure><img loading=\"lazy\" decoding=\"async\" width=\"768\" height=\"1024\" src=\"http:\/\/biskopen.se\/wp-content\/uploads\/2020\/10\/IMG_6348-1-768x1024.jpg\" alt=\"\" data-id=\"4008\" data-full-url=\"http:\/\/biskopen.se\/wp-content\/uploads\/2020\/10\/IMG_6348-1-scaled.jpg\" data-link=\"http:\/\/biskopen.se\/?attachment_id=4008\" class=\"wp-image-4008\" srcset=\"http:\/\/biskopen.se\/wp-content\/uploads\/2020\/10\/IMG_6348-1-768x1024.jpg 768w, http:\/\/biskopen.se\/wp-content\/uploads\/2020\/10\/IMG_6348-1-225x300.jpg 225w, http:\/\/biskopen.se\/wp-content\/uploads\/2020\/10\/IMG_6348-1-1152x1536.jpg 1152w, http:\/\/biskopen.se\/wp-content\/uploads\/2020\/10\/IMG_6348-1-1536x2048.jpg 1536w, http:\/\/biskopen.se\/wp-content\/uploads\/2020\/10\/IMG_6348-1-1200x1600.jpg 1200w, http:\/\/biskopen.se\/wp-content\/uploads\/2020\/10\/IMG_6348-1-scaled.jpg 1920w\" sizes=\"(max-width: 768px) 100vw, 768px\" \/><\/figure><\/li><li class=\"blocks-gallery-item\"><figure><img loading=\"lazy\" decoding=\"async\" width=\"768\" height=\"1024\" src=\"http:\/\/biskopen.se\/wp-content\/uploads\/2020\/10\/IMG_6319-768x1024.jpg\" alt=\"\" data-id=\"4000\" data-full-url=\"http:\/\/biskopen.se\/wp-content\/uploads\/2020\/10\/IMG_6319-scaled.jpg\" data-link=\"http:\/\/biskopen.se\/?attachment_id=4000\" class=\"wp-image-4000\" srcset=\"http:\/\/biskopen.se\/wp-content\/uploads\/2020\/10\/IMG_6319-768x1024.jpg 768w, http:\/\/biskopen.se\/wp-content\/uploads\/2020\/10\/IMG_6319-225x300.jpg 225w, http:\/\/biskopen.se\/wp-content\/uploads\/2020\/10\/IMG_6319-1152x1536.jpg 1152w, http:\/\/biskopen.se\/wp-content\/uploads\/2020\/10\/IMG_6319-1536x2048.jpg 1536w, http:\/\/biskopen.se\/wp-content\/uploads\/2020\/10\/IMG_6319-1200x1600.jpg 1200w, http:\/\/biskopen.se\/wp-content\/uploads\/2020\/10\/IMG_6319-scaled.jpg 1920w\" sizes=\"(max-width: 768px) 100vw, 768px\" \/><\/figure><\/li><li class=\"blocks-gallery-item\"><figure><img loading=\"lazy\" decoding=\"async\" width=\"768\" height=\"1024\" src=\"http:\/\/biskopen.se\/wp-content\/uploads\/2020\/10\/IMG_6305-768x1024.jpg\" alt=\"\" data-id=\"3998\" data-full-url=\"http:\/\/biskopen.se\/wp-content\/uploads\/2020\/10\/IMG_6305-scaled.jpg\" data-link=\"http:\/\/biskopen.se\/?attachment_id=3998\" class=\"wp-image-3998\" srcset=\"http:\/\/biskopen.se\/wp-content\/uploads\/2020\/10\/IMG_6305-768x1024.jpg 768w, http:\/\/biskopen.se\/wp-content\/uploads\/2020\/10\/IMG_6305-225x300.jpg 225w, http:\/\/biskopen.se\/wp-content\/uploads\/2020\/10\/IMG_6305-1152x1536.jpg 1152w, http:\/\/biskopen.se\/wp-content\/uploads\/2020\/10\/IMG_6305-1536x2048.jpg 1536w, http:\/\/biskopen.se\/wp-content\/uploads\/2020\/10\/IMG_6305-1200x1600.jpg 1200w, http:\/\/biskopen.se\/wp-content\/uploads\/2020\/10\/IMG_6305-scaled.jpg 1920w\" sizes=\"(max-width: 768px) 100vw, 768px\" \/><\/figure><\/li><li class=\"blocks-gallery-item\"><figure><img loading=\"lazy\" decoding=\"async\" width=\"768\" height=\"1024\" src=\"http:\/\/biskopen.se\/wp-content\/uploads\/2020\/10\/IMG_6394-1-768x1024.jpg\" alt=\"\" data-id=\"4009\" data-full-url=\"http:\/\/biskopen.se\/wp-content\/uploads\/2020\/10\/IMG_6394-1-scaled.jpg\" data-link=\"http:\/\/biskopen.se\/?attachment_id=4009\" class=\"wp-image-4009\" srcset=\"http:\/\/biskopen.se\/wp-content\/uploads\/2020\/10\/IMG_6394-1-768x1024.jpg 768w, http:\/\/biskopen.se\/wp-content\/uploads\/2020\/10\/IMG_6394-1-225x300.jpg 225w, http:\/\/biskopen.se\/wp-content\/uploads\/2020\/10\/IMG_6394-1-1152x1536.jpg 1152w, http:\/\/biskopen.se\/wp-content\/uploads\/2020\/10\/IMG_6394-1-1536x2048.jpg 1536w, http:\/\/biskopen.se\/wp-content\/uploads\/2020\/10\/IMG_6394-1-1200x1600.jpg 1200w, http:\/\/biskopen.se\/wp-content\/uploads\/2020\/10\/IMG_6394-1-scaled.jpg 1920w\" sizes=\"(max-width: 768px) 100vw, 768px\" \/><\/figure><\/li><li class=\"blocks-gallery-item\"><figure><img loading=\"lazy\" decoding=\"async\" width=\"768\" height=\"1024\" src=\"http:\/\/biskopen.se\/wp-content\/uploads\/2020\/10\/IMG_6374-768x1024.jpg\" alt=\"\" data-id=\"4005\" data-full-url=\"http:\/\/biskopen.se\/wp-content\/uploads\/2020\/10\/IMG_6374-scaled.jpg\" data-link=\"http:\/\/biskopen.se\/?attachment_id=4005\" class=\"wp-image-4005\" srcset=\"http:\/\/biskopen.se\/wp-content\/uploads\/2020\/10\/IMG_6374-768x1024.jpg 768w, http:\/\/biskopen.se\/wp-content\/uploads\/2020\/10\/IMG_6374-225x300.jpg 225w, http:\/\/biskopen.se\/wp-content\/uploads\/2020\/10\/IMG_6374-1152x1536.jpg 1152w, http:\/\/biskopen.se\/wp-content\/uploads\/2020\/10\/IMG_6374-1536x2048.jpg 1536w, http:\/\/biskopen.se\/wp-content\/uploads\/2020\/10\/IMG_6374-1200x1600.jpg 1200w, http:\/\/biskopen.se\/wp-content\/uploads\/2020\/10\/IMG_6374-scaled.jpg 1920w\" sizes=\"(max-width: 768px) 100vw, 768px\" \/><\/figure><\/li><li class=\"blocks-gallery-item\"><figure><img loading=\"lazy\" decoding=\"async\" width=\"768\" height=\"1024\" src=\"http:\/\/biskopen.se\/wp-content\/uploads\/2020\/10\/IMG_6381-768x1024.jpg\" alt=\"\" data-id=\"4006\" data-full-url=\"http:\/\/biskopen.se\/wp-content\/uploads\/2020\/10\/IMG_6381-scaled.jpg\" data-link=\"http:\/\/biskopen.se\/?attachment_id=4006\" class=\"wp-image-4006\" srcset=\"http:\/\/biskopen.se\/wp-content\/uploads\/2020\/10\/IMG_6381-768x1024.jpg 768w, http:\/\/biskopen.se\/wp-content\/uploads\/2020\/10\/IMG_6381-225x300.jpg 225w, http:\/\/biskopen.se\/wp-content\/uploads\/2020\/10\/IMG_6381-1152x1536.jpg 1152w, http:\/\/biskopen.se\/wp-content\/uploads\/2020\/10\/IMG_6381-1536x2048.jpg 1536w, http:\/\/biskopen.se\/wp-content\/uploads\/2020\/10\/IMG_6381-1200x1600.jpg 1200w, http:\/\/biskopen.se\/wp-content\/uploads\/2020\/10\/IMG_6381-scaled.jpg 1920w\" sizes=\"(max-width: 768px) 100vw, 768px\" \/><\/figure><\/li><li class=\"blocks-gallery-item\"><figure><img loading=\"lazy\" decoding=\"async\" width=\"768\" height=\"1024\" src=\"http:\/\/biskopen.se\/wp-content\/uploads\/2020\/10\/IMG_6329-768x1024.jpg\" alt=\"\" data-id=\"4001\" data-full-url=\"http:\/\/biskopen.se\/wp-content\/uploads\/2020\/10\/IMG_6329-scaled.jpg\" data-link=\"http:\/\/biskopen.se\/?attachment_id=4001\" class=\"wp-image-4001\" srcset=\"http:\/\/biskopen.se\/wp-content\/uploads\/2020\/10\/IMG_6329-768x1024.jpg 768w, http:\/\/biskopen.se\/wp-content\/uploads\/2020\/10\/IMG_6329-225x300.jpg 225w, http:\/\/biskopen.se\/wp-content\/uploads\/2020\/10\/IMG_6329-1152x1536.jpg 1152w, http:\/\/biskopen.se\/wp-content\/uploads\/2020\/10\/IMG_6329-1536x2048.jpg 1536w, http:\/\/biskopen.se\/wp-content\/uploads\/2020\/10\/IMG_6329-1200x1600.jpg 1200w, http:\/\/biskopen.se\/wp-content\/uploads\/2020\/10\/IMG_6329-scaled.jpg 1920w\" sizes=\"(max-width: 768px) 100vw, 768px\" \/><\/figure><\/li><li class=\"blocks-gallery-item\"><figure><img loading=\"lazy\" decoding=\"async\" width=\"768\" height=\"1024\" src=\"http:\/\/biskopen.se\/wp-content\/uploads\/2020\/10\/IMG_6064-768x1024.jpg\" alt=\"\" data-id=\"3988\" data-full-url=\"http:\/\/biskopen.se\/wp-content\/uploads\/2020\/10\/IMG_6064-scaled.jpg\" data-link=\"http:\/\/biskopen.se\/?attachment_id=3988\" class=\"wp-image-3988\" srcset=\"http:\/\/biskopen.se\/wp-content\/uploads\/2020\/10\/IMG_6064-768x1024.jpg 768w, http:\/\/biskopen.se\/wp-content\/uploads\/2020\/10\/IMG_6064-225x300.jpg 225w, http:\/\/biskopen.se\/wp-content\/uploads\/2020\/10\/IMG_6064-1152x1536.jpg 1152w, http:\/\/biskopen.se\/wp-content\/uploads\/2020\/10\/IMG_6064-1536x2048.jpg 1536w, http:\/\/biskopen.se\/wp-content\/uploads\/2020\/10\/IMG_6064-1200x1600.jpg 1200w, http:\/\/biskopen.se\/wp-content\/uploads\/2020\/10\/IMG_6064-scaled.jpg 1920w\" sizes=\"(max-width: 768px) 100vw, 768px\" \/><\/figure><\/li><\/ul><\/figure>\n\n\n\n<p class=\"has-small-font-size\">bakom kameran @amaandaolivia<\/p>\n","protected":false},"excerpt":{"rendered":"<p>ERIKSGATAN 20Beteckning: Rehnsch\u00f6ld 24 Bygg\u00e5r: 1850-1879Ombyggt: 1969 Hiss: Nej Antal l\u00e4genheter: 7 Antal kommersiella lokaler: 2 Antal v\u00e5ningar: 4 v\u00e5ningar Antal garage: 9 GAMLA KYRKOG 19A-BBeteckning: Rehnsch\u00f6ld 24 Bygg\u00e5r: 1800-taletOmbyggt: 1967 Hiss: Nej Antal l\u00e4genheter: 1 Antal kommersiella lokaler: 1 Antal v\u00e5ningar: 1 v\u00e5ning \u201dKASERNPLAN\u2026\u00e4r en omtyckt stadsdel i Landskrona. I n\u00e4rheten av flera gr\u00f6na parker och \u00e4nd\u00e5 tillr\u00e4ckligt n\u00e4ra city. H\u00e4rifr\u00e5n beh\u00f6ver du inte ta m\u00e5nga steg f\u00f6r att hitta shopping, restauranger, caf\u00e9er och barer att falla f\u00f6r. Ett&#8230;<\/p>\n<p class=\"read-more\"><a class=\"btn btn-default\" href=\"http:\/\/biskopen.se\/index.php\/rehnschold24\/\">L\u00e4s mer<span class=\"screen-reader-text\"> L\u00e4s mer<\/span><\/a><\/p>\n","protected":false},"author":4,"featured_media":0,"parent":0,"menu_order":0,"comment_status":"closed","ping_status":"closed","template":"","meta":{"saved_in_kubio":false,"footnotes":""},"class_list":["post-3987","page","type-page","status-publish","hentry"],"kubio_ai_page_context":{"short_desc":"","purpose":"general"},"_links":{"self":[{"href":"http:\/\/biskopen.se\/index.php\/wp-json\/wp\/v2\/pages\/3987","targetHints":{"allow":["GET"]}}],"collection":[{"href":"http:\/\/biskopen.se\/index.php\/wp-json\/wp\/v2\/pages"}],"about":[{"href":"http:\/\/biskopen.se\/index.php\/wp-json\/wp\/v2\/types\/page"}],"author":[{"embeddable":true,"href":"http:\/\/biskopen.se\/index.php\/wp-json\/wp\/v2\/users\/4"}],"replies":[{"embeddable":true,"href":"http:\/\/biskopen.se\/index.php\/wp-json\/wp\/v2\/comments?post=3987"}],"version-history":[{"count":5,"href":"http:\/\/biskopen.se\/index.php\/wp-json\/wp\/v2\/pages\/3987\/revisions"}],"predecessor-version":[{"id":4345,"href":"http:\/\/biskopen.se\/index.php\/wp-json\/wp\/v2\/pages\/3987\/revisions\/4345"}],"wp:attachment":[{"href":"http:\/\/biskopen.se\/index.php\/wp-json\/wp\/v2\/media?parent=3987"}],"curies":[{"name":"wp","href":"https:\/\/api.w.org\/{rel}","templated":true}]}}