{"id":4015,"date":"2020-10-19T18:46:17","date_gmt":"2020-10-19T17:46:17","guid":{"rendered":"http:\/\/biskopen.se\/?page_id=4015"},"modified":"2020-10-23T13:09:13","modified_gmt":"2020-10-23T12:09:13","slug":"rehnschold26","status":"publish","type":"page","link":"http:\/\/biskopen.se\/index.php\/rehnschold26\/","title":{"rendered":"Rehnsch\u00f6ld 26"},"content":{"rendered":"\n<div class=\"wp-block-media-text alignwide has-background has-very-light-gray-background-color is-stacked-on-mobile\"><figure class=\"wp-block-media-text__media\"><img loading=\"lazy\" decoding=\"async\" width=\"768\" height=\"1024\" src=\"http:\/\/biskopen.se\/wp-content\/uploads\/2020\/10\/IMG_6094-1-768x1024.jpg\" alt=\"\" class=\"wp-image-4017\" srcset=\"http:\/\/biskopen.se\/wp-content\/uploads\/2020\/10\/IMG_6094-1-768x1024.jpg 768w, http:\/\/biskopen.se\/wp-content\/uploads\/2020\/10\/IMG_6094-1-225x300.jpg 225w, http:\/\/biskopen.se\/wp-content\/uploads\/2020\/10\/IMG_6094-1-1152x1536.jpg 1152w, http:\/\/biskopen.se\/wp-content\/uploads\/2020\/10\/IMG_6094-1-1536x2048.jpg 1536w, http:\/\/biskopen.se\/wp-content\/uploads\/2020\/10\/IMG_6094-1-1200x1600.jpg 1200w, http:\/\/biskopen.se\/wp-content\/uploads\/2020\/10\/IMG_6094-1-scaled.jpg 1920w\" sizes=\"(max-width: 768px) 100vw, 768px\" \/><\/figure><div class=\"wp-block-media-text__content\">\n<p class=\"has-background has-small-font-size has-very-light-gray-background-color\"><b>ERIKSGATAN 22<\/b> <br>Beteckning: Rehnsch\u00f6ld 26 <br>Bygg\u00e5r: 1870-talet <br>Ombyggt: 1938<br>Hiss: Nej <br>Antal l\u00e4genheter: 6<br>Antal kommersiella lokaler: 1<br>Antal v\u00e5ningar: 4 v\u00e5ningar <\/p>\n<\/div><\/div>\n\n\n\n<p class=\"has-background has-normal-font-size has-very-light-gray-background-color\"><strong>\u201dKASERNPLAN\u2026<\/strong><br>\u00e4r en omtyckt stadsdel i Landskrona. I n\u00e4rheten av flera gr\u00f6na parker och \u00e4nd\u00e5 tillr\u00e4ckligt n\u00e4ra city. H\u00e4rifr\u00e5n beh\u00f6ver du inte ta m\u00e5nga steg f\u00f6r att hitta shopping, restauranger, caf\u00e9er och barer att falla f\u00f6r. Ett strategiskt l\u00e4ge &amp; med prestigefylld adress vid R\u00e5dhustorget &amp; Kasernplan och n\u00e4rheten till havet.<strong>\u201d<\/strong><\/p>\n\n\n\n<figure class=\"wp-block-gallery columns-3 is-cropped wp-block-gallery-1 is-layout-flex wp-block-gallery-is-layout-flex\"><ul class=\"blocks-gallery-grid\"><li class=\"blocks-gallery-item\"><figure><img loading=\"lazy\" decoding=\"async\" width=\"768\" height=\"1024\" src=\"http:\/\/biskopen.se\/wp-content\/uploads\/2020\/10\/IMG_6094-1-768x1024.jpg\" alt=\"\" data-id=\"4017\" data-full-url=\"http:\/\/biskopen.se\/wp-content\/uploads\/2020\/10\/IMG_6094-1-scaled.jpg\" data-link=\"http:\/\/biskopen.se\/?attachment_id=4017\" class=\"wp-image-4017\" srcset=\"http:\/\/biskopen.se\/wp-content\/uploads\/2020\/10\/IMG_6094-1-768x1024.jpg 768w, http:\/\/biskopen.se\/wp-content\/uploads\/2020\/10\/IMG_6094-1-225x300.jpg 225w, http:\/\/biskopen.se\/wp-content\/uploads\/2020\/10\/IMG_6094-1-1152x1536.jpg 1152w, http:\/\/biskopen.se\/wp-content\/uploads\/2020\/10\/IMG_6094-1-1536x2048.jpg 1536w, http:\/\/biskopen.se\/wp-content\/uploads\/2020\/10\/IMG_6094-1-1200x1600.jpg 1200w, http:\/\/biskopen.se\/wp-content\/uploads\/2020\/10\/IMG_6094-1-scaled.jpg 1920w\" sizes=\"(max-width: 768px) 100vw, 768px\" \/><\/figure><\/li><li class=\"blocks-gallery-item\"><figure><img loading=\"lazy\" decoding=\"async\" width=\"768\" height=\"1024\" src=\"http:\/\/biskopen.se\/wp-content\/uploads\/2020\/10\/IMG_6209-768x1024.jpg\" alt=\"\" data-id=\"4019\" data-full-url=\"http:\/\/biskopen.se\/wp-content\/uploads\/2020\/10\/IMG_6209-scaled.jpg\" data-link=\"http:\/\/biskopen.se\/?attachment_id=4019\" class=\"wp-image-4019\" srcset=\"http:\/\/biskopen.se\/wp-content\/uploads\/2020\/10\/IMG_6209-768x1024.jpg 768w, http:\/\/biskopen.se\/wp-content\/uploads\/2020\/10\/IMG_6209-225x300.jpg 225w, http:\/\/biskopen.se\/wp-content\/uploads\/2020\/10\/IMG_6209-1152x1536.jpg 1152w, http:\/\/biskopen.se\/wp-content\/uploads\/2020\/10\/IMG_6209-1536x2048.jpg 1536w, http:\/\/biskopen.se\/wp-content\/uploads\/2020\/10\/IMG_6209-1200x1600.jpg 1200w, http:\/\/biskopen.se\/wp-content\/uploads\/2020\/10\/IMG_6209-scaled.jpg 1920w\" sizes=\"(max-width: 768px) 100vw, 768px\" \/><\/figure><\/li><li class=\"blocks-gallery-item\"><figure><img loading=\"lazy\" decoding=\"async\" width=\"768\" height=\"1024\" src=\"http:\/\/biskopen.se\/wp-content\/uploads\/2020\/10\/IMG_6221-768x1024.jpg\" alt=\"\" data-id=\"4021\" data-full-url=\"http:\/\/biskopen.se\/wp-content\/uploads\/2020\/10\/IMG_6221-scaled.jpg\" data-link=\"http:\/\/biskopen.se\/?attachment_id=4021\" class=\"wp-image-4021\" srcset=\"http:\/\/biskopen.se\/wp-content\/uploads\/2020\/10\/IMG_6221-768x1024.jpg 768w, http:\/\/biskopen.se\/wp-content\/uploads\/2020\/10\/IMG_6221-225x300.jpg 225w, http:\/\/biskopen.se\/wp-content\/uploads\/2020\/10\/IMG_6221-1152x1536.jpg 1152w, http:\/\/biskopen.se\/wp-content\/uploads\/2020\/10\/IMG_6221-1536x2048.jpg 1536w, http:\/\/biskopen.se\/wp-content\/uploads\/2020\/10\/IMG_6221-1200x1600.jpg 1200w, http:\/\/biskopen.se\/wp-content\/uploads\/2020\/10\/IMG_6221-scaled.jpg 1920w\" sizes=\"(max-width: 768px) 100vw, 768px\" \/><\/figure><\/li><li class=\"blocks-gallery-item\"><figure><img loading=\"lazy\" decoding=\"async\" width=\"768\" height=\"1024\" src=\"http:\/\/biskopen.se\/wp-content\/uploads\/2020\/10\/IMG_6241-768x1024.jpg\" alt=\"\" data-id=\"4024\" data-full-url=\"http:\/\/biskopen.se\/wp-content\/uploads\/2020\/10\/IMG_6241-scaled.jpg\" data-link=\"http:\/\/biskopen.se\/?attachment_id=4024\" class=\"wp-image-4024\" srcset=\"http:\/\/biskopen.se\/wp-content\/uploads\/2020\/10\/IMG_6241-768x1024.jpg 768w, http:\/\/biskopen.se\/wp-content\/uploads\/2020\/10\/IMG_6241-225x300.jpg 225w, http:\/\/biskopen.se\/wp-content\/uploads\/2020\/10\/IMG_6241-1152x1536.jpg 1152w, http:\/\/biskopen.se\/wp-content\/uploads\/2020\/10\/IMG_6241-1536x2048.jpg 1536w, http:\/\/biskopen.se\/wp-content\/uploads\/2020\/10\/IMG_6241-1200x1600.jpg 1200w, http:\/\/biskopen.se\/wp-content\/uploads\/2020\/10\/IMG_6241-scaled.jpg 1920w\" sizes=\"(max-width: 768px) 100vw, 768px\" \/><\/figure><\/li><li class=\"blocks-gallery-item\"><figure><img loading=\"lazy\" decoding=\"async\" width=\"768\" height=\"1024\" src=\"http:\/\/biskopen.se\/wp-content\/uploads\/2020\/10\/IMG_6262-768x1024.jpg\" alt=\"\" data-id=\"4027\" data-full-url=\"http:\/\/biskopen.se\/wp-content\/uploads\/2020\/10\/IMG_6262-scaled.jpg\" data-link=\"http:\/\/biskopen.se\/?attachment_id=4027\" class=\"wp-image-4027\" srcset=\"http:\/\/biskopen.se\/wp-content\/uploads\/2020\/10\/IMG_6262-768x1024.jpg 768w, http:\/\/biskopen.se\/wp-content\/uploads\/2020\/10\/IMG_6262-225x300.jpg 225w, http:\/\/biskopen.se\/wp-content\/uploads\/2020\/10\/IMG_6262-1152x1536.jpg 1152w, http:\/\/biskopen.se\/wp-content\/uploads\/2020\/10\/IMG_6262-1536x2048.jpg 1536w, http:\/\/biskopen.se\/wp-content\/uploads\/2020\/10\/IMG_6262-1200x1600.jpg 1200w, http:\/\/biskopen.se\/wp-content\/uploads\/2020\/10\/IMG_6262-scaled.jpg 1920w\" sizes=\"(max-width: 768px) 100vw, 768px\" \/><\/figure><\/li><li class=\"blocks-gallery-item\"><figure><img loading=\"lazy\" decoding=\"async\" width=\"768\" height=\"1024\" src=\"http:\/\/biskopen.se\/wp-content\/uploads\/2020\/10\/IMG_6226-768x1024.jpg\" alt=\"\" data-id=\"4022\" data-full-url=\"http:\/\/biskopen.se\/wp-content\/uploads\/2020\/10\/IMG_6226-scaled.jpg\" data-link=\"http:\/\/biskopen.se\/?attachment_id=4022\" class=\"wp-image-4022\" srcset=\"http:\/\/biskopen.se\/wp-content\/uploads\/2020\/10\/IMG_6226-768x1024.jpg 768w, http:\/\/biskopen.se\/wp-content\/uploads\/2020\/10\/IMG_6226-225x300.jpg 225w, http:\/\/biskopen.se\/wp-content\/uploads\/2020\/10\/IMG_6226-1152x1536.jpg 1152w, http:\/\/biskopen.se\/wp-content\/uploads\/2020\/10\/IMG_6226-1536x2048.jpg 1536w, http:\/\/biskopen.se\/wp-content\/uploads\/2020\/10\/IMG_6226-1200x1600.jpg 1200w, http:\/\/biskopen.se\/wp-content\/uploads\/2020\/10\/IMG_6226-scaled.jpg 1920w\" sizes=\"(max-width: 768px) 100vw, 768px\" \/><\/figure><\/li><li class=\"blocks-gallery-item\"><figure><img loading=\"lazy\" decoding=\"async\" width=\"768\" height=\"1024\" src=\"http:\/\/biskopen.se\/wp-content\/uploads\/2020\/10\/IMG_6247-768x1024.jpg\" alt=\"\" data-id=\"4025\" data-full-url=\"http:\/\/biskopen.se\/wp-content\/uploads\/2020\/10\/IMG_6247-scaled.jpg\" data-link=\"http:\/\/biskopen.se\/?attachment_id=4025\" class=\"wp-image-4025\" srcset=\"http:\/\/biskopen.se\/wp-content\/uploads\/2020\/10\/IMG_6247-768x1024.jpg 768w, http:\/\/biskopen.se\/wp-content\/uploads\/2020\/10\/IMG_6247-225x300.jpg 225w, http:\/\/biskopen.se\/wp-content\/uploads\/2020\/10\/IMG_6247-1152x1536.jpg 1152w, http:\/\/biskopen.se\/wp-content\/uploads\/2020\/10\/IMG_6247-1536x2048.jpg 1536w, http:\/\/biskopen.se\/wp-content\/uploads\/2020\/10\/IMG_6247-1200x1600.jpg 1200w, http:\/\/biskopen.se\/wp-content\/uploads\/2020\/10\/IMG_6247-scaled.jpg 1920w\" sizes=\"(max-width: 768px) 100vw, 768px\" \/><\/figure><\/li><li class=\"blocks-gallery-item\"><figure><img loading=\"lazy\" decoding=\"async\" width=\"768\" height=\"1024\" src=\"http:\/\/biskopen.se\/wp-content\/uploads\/2020\/10\/IMG_6265-768x1024.jpg\" alt=\"\" data-id=\"4028\" data-full-url=\"http:\/\/biskopen.se\/wp-content\/uploads\/2020\/10\/IMG_6265-scaled.jpg\" data-link=\"http:\/\/biskopen.se\/?attachment_id=4028\" class=\"wp-image-4028\" srcset=\"http:\/\/biskopen.se\/wp-content\/uploads\/2020\/10\/IMG_6265-768x1024.jpg 768w, http:\/\/biskopen.se\/wp-content\/uploads\/2020\/10\/IMG_6265-225x300.jpg 225w, http:\/\/biskopen.se\/wp-content\/uploads\/2020\/10\/IMG_6265-1152x1536.jpg 1152w, http:\/\/biskopen.se\/wp-content\/uploads\/2020\/10\/IMG_6265-1536x2048.jpg 1536w, http:\/\/biskopen.se\/wp-content\/uploads\/2020\/10\/IMG_6265-1200x1600.jpg 1200w, http:\/\/biskopen.se\/wp-content\/uploads\/2020\/10\/IMG_6265-scaled.jpg 1920w\" sizes=\"(max-width: 768px) 100vw, 768px\" \/><\/figure><\/li><\/ul><\/figure>\n\n\n\n<p class=\"has-small-font-size\">bakom kameran @amaandaolivia<\/p>\n","protected":false},"excerpt":{"rendered":"<p>ERIKSGATAN 22 Beteckning: Rehnsch\u00f6ld 26 Bygg\u00e5r: 1870-talet Ombyggt: 1938Hiss: Nej Antal l\u00e4genheter: 6Antal kommersiella lokaler: 1Antal v\u00e5ningar: 4 v\u00e5ningar \u201dKASERNPLAN\u2026\u00e4r en omtyckt stadsdel i Landskrona. I n\u00e4rheten av flera gr\u00f6na parker och \u00e4nd\u00e5 tillr\u00e4ckligt n\u00e4ra city. H\u00e4rifr\u00e5n beh\u00f6ver du inte ta m\u00e5nga steg f\u00f6r att hitta shopping, restauranger, caf\u00e9er och barer att falla f\u00f6r. Ett strategiskt l\u00e4ge &amp; med prestigefylld adress vid R\u00e5dhustorget &amp; Kasernplan och n\u00e4rheten till havet.\u201d bakom kameran @amaandaolivia<\/p>\n","protected":false},"author":4,"featured_media":0,"parent":0,"menu_order":0,"comment_status":"closed","ping_status":"closed","template":"","meta":{"saved_in_kubio":false,"footnotes":""},"class_list":["post-4015","page","type-page","status-publish","hentry"],"kubio_ai_page_context":{"short_desc":"","purpose":"general"},"_links":{"self":[{"href":"http:\/\/biskopen.se\/index.php\/wp-json\/wp\/v2\/pages\/4015","targetHints":{"allow":["GET"]}}],"collection":[{"href":"http:\/\/biskopen.se\/index.php\/wp-json\/wp\/v2\/pages"}],"about":[{"href":"http:\/\/biskopen.se\/index.php\/wp-json\/wp\/v2\/types\/page"}],"author":[{"embeddable":true,"href":"http:\/\/biskopen.se\/index.php\/wp-json\/wp\/v2\/users\/4"}],"replies":[{"embeddable":true,"href":"http:\/\/biskopen.se\/index.php\/wp-json\/wp\/v2\/comments?post=4015"}],"version-history":[{"count":5,"href":"http:\/\/biskopen.se\/index.php\/wp-json\/wp\/v2\/pages\/4015\/revisions"}],"predecessor-version":[{"id":4346,"href":"http:\/\/biskopen.se\/index.php\/wp-json\/wp\/v2\/pages\/4015\/revisions\/4346"}],"wp:attachment":[{"href":"http:\/\/biskopen.se\/index.php\/wp-json\/wp\/v2\/media?parent=4015"}],"curies":[{"name":"wp","href":"https:\/\/api.w.org\/{rel}","templated":true}]}}