{"id":4058,"date":"2020-10-20T08:34:48","date_gmt":"2020-10-20T07:34:48","guid":{"rendered":"http:\/\/biskopen.se\/?page_id=4058"},"modified":"2020-10-23T13:28:43","modified_gmt":"2020-10-23T12:28:43","slug":"baner2","status":"publish","type":"page","link":"http:\/\/biskopen.se\/index.php\/baner2\/","title":{"rendered":"Ban\u00e9r 2"},"content":{"rendered":"\n<div class=\"wp-block-media-text alignwide has-background has-very-light-gray-background-color is-stacked-on-mobile\"><figure class=\"wp-block-media-text__media\"><img loading=\"lazy\" decoding=\"async\" width=\"768\" height=\"1024\" src=\"http:\/\/biskopen.se\/wp-content\/uploads\/2020\/10\/IMG_6470-768x1024.jpg\" alt=\"\" class=\"wp-image-4062\" srcset=\"http:\/\/biskopen.se\/wp-content\/uploads\/2020\/10\/IMG_6470-768x1024.jpg 768w, http:\/\/biskopen.se\/wp-content\/uploads\/2020\/10\/IMG_6470-225x300.jpg 225w, http:\/\/biskopen.se\/wp-content\/uploads\/2020\/10\/IMG_6470-1152x1536.jpg 1152w, http:\/\/biskopen.se\/wp-content\/uploads\/2020\/10\/IMG_6470-1536x2048.jpg 1536w, http:\/\/biskopen.se\/wp-content\/uploads\/2020\/10\/IMG_6470-1200x1600.jpg 1200w, http:\/\/biskopen.se\/wp-content\/uploads\/2020\/10\/IMG_6470-scaled.jpg 1920w\" sizes=\"(max-width: 768px) 100vw, 768px\" \/><\/figure><div class=\"wp-block-media-text__content\">\n<p class=\"has-background has-small-font-size has-very-light-gray-background-color\"><b>J\u00c4RNV\u00c4GSGATAN 16<\/b><br>Beteckning: Ban\u00e9r 2 <br>Bygg\u00e5r: 1927 <br>Hiss: Nej <br>Antal l\u00e4genheter: 4<br>Antal kommersiella lokaler: 1<br>Antal v\u00e5ningar: 4 v\u00e5ningar <\/p>\n<\/div><\/div>\n\n\n\n<p class=\"has-background has-normal-font-size has-very-light-gray-background-color\"><strong>&#8221;CENTRUM &#8211; VID TUPPASKOLANS OMR\u00c5DE&#8230;<\/strong><br> I n\u00e4rheten av flera gr\u00f6na parker och \u00e4nd\u00e5 n\u00e4ra city. H\u00e4r ifr\u00e5n beh\u00f6ver du inte ta m\u00e5nga steg f\u00f6r att hitta shopping, restauranger och caf\u00e9er att falla f\u00f6r.<strong>&#8221;<\/strong> <\/p>\n\n\n\n<figure class=\"wp-block-gallery columns-3 is-cropped wp-block-gallery-1 is-layout-flex wp-block-gallery-is-layout-flex\"><ul class=\"blocks-gallery-grid\"><li class=\"blocks-gallery-item\"><figure><img loading=\"lazy\" decoding=\"async\" width=\"768\" height=\"1024\" src=\"http:\/\/biskopen.se\/wp-content\/uploads\/2020\/10\/IMG_6470-768x1024.jpg\" alt=\"\" data-id=\"4062\" data-full-url=\"http:\/\/biskopen.se\/wp-content\/uploads\/2020\/10\/IMG_6470-scaled.jpg\" data-link=\"http:\/\/biskopen.se\/?attachment_id=4062\" class=\"wp-image-4062\" srcset=\"http:\/\/biskopen.se\/wp-content\/uploads\/2020\/10\/IMG_6470-768x1024.jpg 768w, http:\/\/biskopen.se\/wp-content\/uploads\/2020\/10\/IMG_6470-225x300.jpg 225w, http:\/\/biskopen.se\/wp-content\/uploads\/2020\/10\/IMG_6470-1152x1536.jpg 1152w, http:\/\/biskopen.se\/wp-content\/uploads\/2020\/10\/IMG_6470-1536x2048.jpg 1536w, http:\/\/biskopen.se\/wp-content\/uploads\/2020\/10\/IMG_6470-1200x1600.jpg 1200w, http:\/\/biskopen.se\/wp-content\/uploads\/2020\/10\/IMG_6470-scaled.jpg 1920w\" sizes=\"(max-width: 768px) 100vw, 768px\" \/><\/figure><\/li><li class=\"blocks-gallery-item\"><figure><img loading=\"lazy\" decoding=\"async\" width=\"768\" height=\"1024\" src=\"http:\/\/biskopen.se\/wp-content\/uploads\/2020\/10\/IMG_6643-768x1024.jpg\" alt=\"\" data-id=\"4069\" data-full-url=\"http:\/\/biskopen.se\/wp-content\/uploads\/2020\/10\/IMG_6643-scaled.jpg\" data-link=\"http:\/\/biskopen.se\/?attachment_id=4069\" class=\"wp-image-4069\" srcset=\"http:\/\/biskopen.se\/wp-content\/uploads\/2020\/10\/IMG_6643-768x1024.jpg 768w, http:\/\/biskopen.se\/wp-content\/uploads\/2020\/10\/IMG_6643-225x300.jpg 225w, http:\/\/biskopen.se\/wp-content\/uploads\/2020\/10\/IMG_6643-1152x1536.jpg 1152w, http:\/\/biskopen.se\/wp-content\/uploads\/2020\/10\/IMG_6643-1536x2048.jpg 1536w, http:\/\/biskopen.se\/wp-content\/uploads\/2020\/10\/IMG_6643-1200x1600.jpg 1200w, http:\/\/biskopen.se\/wp-content\/uploads\/2020\/10\/IMG_6643-scaled.jpg 1920w\" sizes=\"(max-width: 768px) 100vw, 768px\" \/><\/figure><\/li><li class=\"blocks-gallery-item\"><figure><img loading=\"lazy\" decoding=\"async\" width=\"768\" height=\"1024\" src=\"http:\/\/biskopen.se\/wp-content\/uploads\/2020\/10\/IMG_6458-768x1024.jpg\" alt=\"\" data-id=\"4060\" data-full-url=\"http:\/\/biskopen.se\/wp-content\/uploads\/2020\/10\/IMG_6458-scaled.jpg\" data-link=\"http:\/\/biskopen.se\/?attachment_id=4060\" class=\"wp-image-4060\" srcset=\"http:\/\/biskopen.se\/wp-content\/uploads\/2020\/10\/IMG_6458-768x1024.jpg 768w, http:\/\/biskopen.se\/wp-content\/uploads\/2020\/10\/IMG_6458-225x300.jpg 225w, http:\/\/biskopen.se\/wp-content\/uploads\/2020\/10\/IMG_6458-1152x1536.jpg 1152w, http:\/\/biskopen.se\/wp-content\/uploads\/2020\/10\/IMG_6458-1536x2048.jpg 1536w, http:\/\/biskopen.se\/wp-content\/uploads\/2020\/10\/IMG_6458-1200x1600.jpg 1200w, http:\/\/biskopen.se\/wp-content\/uploads\/2020\/10\/IMG_6458-scaled.jpg 1920w\" sizes=\"(max-width: 768px) 100vw, 768px\" \/><\/figure><\/li><li class=\"blocks-gallery-item\"><figure><img loading=\"lazy\" decoding=\"async\" width=\"768\" height=\"1024\" src=\"http:\/\/biskopen.se\/wp-content\/uploads\/2020\/10\/IMG_6481-768x1024.jpg\" alt=\"\" data-id=\"4065\" data-full-url=\"http:\/\/biskopen.se\/wp-content\/uploads\/2020\/10\/IMG_6481-scaled.jpg\" data-link=\"http:\/\/biskopen.se\/?attachment_id=4065\" class=\"wp-image-4065\" srcset=\"http:\/\/biskopen.se\/wp-content\/uploads\/2020\/10\/IMG_6481-768x1024.jpg 768w, http:\/\/biskopen.se\/wp-content\/uploads\/2020\/10\/IMG_6481-225x300.jpg 225w, http:\/\/biskopen.se\/wp-content\/uploads\/2020\/10\/IMG_6481-1152x1536.jpg 1152w, http:\/\/biskopen.se\/wp-content\/uploads\/2020\/10\/IMG_6481-1536x2048.jpg 1536w, http:\/\/biskopen.se\/wp-content\/uploads\/2020\/10\/IMG_6481-1200x1600.jpg 1200w, http:\/\/biskopen.se\/wp-content\/uploads\/2020\/10\/IMG_6481-scaled.jpg 1920w\" sizes=\"(max-width: 768px) 100vw, 768px\" \/><\/figure><\/li><li class=\"blocks-gallery-item\"><figure><img loading=\"lazy\" decoding=\"async\" width=\"768\" height=\"1024\" src=\"http:\/\/biskopen.se\/wp-content\/uploads\/2020\/10\/IMG_6524-768x1024.jpg\" alt=\"\" data-id=\"4067\" data-full-url=\"http:\/\/biskopen.se\/wp-content\/uploads\/2020\/10\/IMG_6524-scaled.jpg\" data-link=\"http:\/\/biskopen.se\/?attachment_id=4067\" class=\"wp-image-4067\" srcset=\"http:\/\/biskopen.se\/wp-content\/uploads\/2020\/10\/IMG_6524-768x1024.jpg 768w, http:\/\/biskopen.se\/wp-content\/uploads\/2020\/10\/IMG_6524-225x300.jpg 225w, http:\/\/biskopen.se\/wp-content\/uploads\/2020\/10\/IMG_6524-1152x1536.jpg 1152w, http:\/\/biskopen.se\/wp-content\/uploads\/2020\/10\/IMG_6524-1536x2048.jpg 1536w, http:\/\/biskopen.se\/wp-content\/uploads\/2020\/10\/IMG_6524-1200x1600.jpg 1200w, http:\/\/biskopen.se\/wp-content\/uploads\/2020\/10\/IMG_6524-scaled.jpg 1920w\" sizes=\"(max-width: 768px) 100vw, 768px\" \/><\/figure><\/li><li class=\"blocks-gallery-item\"><figure><img loading=\"lazy\" decoding=\"async\" width=\"768\" height=\"1024\" src=\"http:\/\/biskopen.se\/wp-content\/uploads\/2020\/10\/IMG_6474-768x1024.jpg\" alt=\"\" data-id=\"4063\" data-full-url=\"http:\/\/biskopen.se\/wp-content\/uploads\/2020\/10\/IMG_6474-scaled.jpg\" data-link=\"http:\/\/biskopen.se\/?attachment_id=4063\" class=\"wp-image-4063\" srcset=\"http:\/\/biskopen.se\/wp-content\/uploads\/2020\/10\/IMG_6474-768x1024.jpg 768w, http:\/\/biskopen.se\/wp-content\/uploads\/2020\/10\/IMG_6474-225x300.jpg 225w, http:\/\/biskopen.se\/wp-content\/uploads\/2020\/10\/IMG_6474-1152x1536.jpg 1152w, http:\/\/biskopen.se\/wp-content\/uploads\/2020\/10\/IMG_6474-1536x2048.jpg 1536w, http:\/\/biskopen.se\/wp-content\/uploads\/2020\/10\/IMG_6474-1200x1600.jpg 1200w, http:\/\/biskopen.se\/wp-content\/uploads\/2020\/10\/IMG_6474-scaled.jpg 1920w\" sizes=\"(max-width: 768px) 100vw, 768px\" \/><\/figure><\/li><li class=\"blocks-gallery-item\"><figure><img loading=\"lazy\" decoding=\"async\" width=\"768\" height=\"1024\" src=\"http:\/\/biskopen.se\/wp-content\/uploads\/2020\/10\/IMG_6639-768x1024.jpg\" alt=\"\" data-id=\"4068\" data-full-url=\"http:\/\/biskopen.se\/wp-content\/uploads\/2020\/10\/IMG_6639-scaled.jpg\" data-link=\"http:\/\/biskopen.se\/?attachment_id=4068\" class=\"wp-image-4068\" srcset=\"http:\/\/biskopen.se\/wp-content\/uploads\/2020\/10\/IMG_6639-768x1024.jpg 768w, http:\/\/biskopen.se\/wp-content\/uploads\/2020\/10\/IMG_6639-225x300.jpg 225w, http:\/\/biskopen.se\/wp-content\/uploads\/2020\/10\/IMG_6639-1152x1536.jpg 1152w, http:\/\/biskopen.se\/wp-content\/uploads\/2020\/10\/IMG_6639-1536x2048.jpg 1536w, http:\/\/biskopen.se\/wp-content\/uploads\/2020\/10\/IMG_6639-1200x1600.jpg 1200w, http:\/\/biskopen.se\/wp-content\/uploads\/2020\/10\/IMG_6639-scaled.jpg 1920w\" sizes=\"(max-width: 768px) 100vw, 768px\" \/><\/figure><\/li><li class=\"blocks-gallery-item\"><figure><img loading=\"lazy\" decoding=\"async\" width=\"768\" height=\"1024\" src=\"http:\/\/biskopen.se\/wp-content\/uploads\/2020\/10\/IMG_6504-768x1024.jpg\" alt=\"\" data-id=\"4066\" data-full-url=\"http:\/\/biskopen.se\/wp-content\/uploads\/2020\/10\/IMG_6504-scaled.jpg\" data-link=\"http:\/\/biskopen.se\/?attachment_id=4066\" class=\"wp-image-4066\" srcset=\"http:\/\/biskopen.se\/wp-content\/uploads\/2020\/10\/IMG_6504-768x1024.jpg 768w, http:\/\/biskopen.se\/wp-content\/uploads\/2020\/10\/IMG_6504-225x300.jpg 225w, http:\/\/biskopen.se\/wp-content\/uploads\/2020\/10\/IMG_6504-1152x1536.jpg 1152w, http:\/\/biskopen.se\/wp-content\/uploads\/2020\/10\/IMG_6504-1536x2048.jpg 1536w, http:\/\/biskopen.se\/wp-content\/uploads\/2020\/10\/IMG_6504-1200x1600.jpg 1200w, http:\/\/biskopen.se\/wp-content\/uploads\/2020\/10\/IMG_6504-scaled.jpg 1920w\" sizes=\"(max-width: 768px) 100vw, 768px\" \/><\/figure><\/li><li class=\"blocks-gallery-item\"><figure><img loading=\"lazy\" decoding=\"async\" width=\"768\" height=\"1024\" src=\"http:\/\/biskopen.se\/wp-content\/uploads\/2020\/10\/IMG_6647-768x1024.jpg\" alt=\"\" data-id=\"4070\" data-full-url=\"http:\/\/biskopen.se\/wp-content\/uploads\/2020\/10\/IMG_6647-scaled.jpg\" data-link=\"http:\/\/biskopen.se\/?attachment_id=4070\" class=\"wp-image-4070\" srcset=\"http:\/\/biskopen.se\/wp-content\/uploads\/2020\/10\/IMG_6647-768x1024.jpg 768w, http:\/\/biskopen.se\/wp-content\/uploads\/2020\/10\/IMG_6647-225x300.jpg 225w, http:\/\/biskopen.se\/wp-content\/uploads\/2020\/10\/IMG_6647-1152x1536.jpg 1152w, http:\/\/biskopen.se\/wp-content\/uploads\/2020\/10\/IMG_6647-1536x2048.jpg 1536w, http:\/\/biskopen.se\/wp-content\/uploads\/2020\/10\/IMG_6647-1200x1600.jpg 1200w, http:\/\/biskopen.se\/wp-content\/uploads\/2020\/10\/IMG_6647-scaled.jpg 1920w\" sizes=\"(max-width: 768px) 100vw, 768px\" \/><\/figure><\/li><li class=\"blocks-gallery-item\"><figure><img loading=\"lazy\" decoding=\"async\" width=\"768\" height=\"1024\" src=\"http:\/\/biskopen.se\/wp-content\/uploads\/2020\/10\/IMG_6477-768x1024.jpg\" alt=\"\" data-id=\"4064\" data-full-url=\"http:\/\/biskopen.se\/wp-content\/uploads\/2020\/10\/IMG_6477-scaled.jpg\" data-link=\"http:\/\/biskopen.se\/?attachment_id=4064\" class=\"wp-image-4064\" srcset=\"http:\/\/biskopen.se\/wp-content\/uploads\/2020\/10\/IMG_6477-768x1024.jpg 768w, http:\/\/biskopen.se\/wp-content\/uploads\/2020\/10\/IMG_6477-225x300.jpg 225w, http:\/\/biskopen.se\/wp-content\/uploads\/2020\/10\/IMG_6477-1152x1536.jpg 1152w, http:\/\/biskopen.se\/wp-content\/uploads\/2020\/10\/IMG_6477-1536x2048.jpg 1536w, http:\/\/biskopen.se\/wp-content\/uploads\/2020\/10\/IMG_6477-1200x1600.jpg 1200w, http:\/\/biskopen.se\/wp-content\/uploads\/2020\/10\/IMG_6477-scaled.jpg 1920w\" sizes=\"(max-width: 768px) 100vw, 768px\" \/><\/figure><\/li><\/ul><\/figure>\n\n\n\n<p class=\"has-small-font-size\">bakom kameran @amaandaolivia<\/p>\n","protected":false},"excerpt":{"rendered":"<p>J\u00c4RNV\u00c4GSGATAN 16Beteckning: Ban\u00e9r 2 Bygg\u00e5r: 1927 Hiss: Nej Antal l\u00e4genheter: 4Antal kommersiella lokaler: 1Antal v\u00e5ningar: 4 v\u00e5ningar &#8221;CENTRUM &#8211; VID TUPPASKOLANS OMR\u00c5DE&#8230; I n\u00e4rheten av flera gr\u00f6na parker och \u00e4nd\u00e5 n\u00e4ra city. H\u00e4r ifr\u00e5n beh\u00f6ver du inte ta m\u00e5nga steg f\u00f6r att hitta shopping, restauranger och caf\u00e9er att falla f\u00f6r.&#8221; bakom kameran @amaandaolivia<\/p>\n","protected":false},"author":4,"featured_media":0,"parent":0,"menu_order":0,"comment_status":"closed","ping_status":"closed","template":"","meta":{"saved_in_kubio":false,"footnotes":""},"class_list":["post-4058","page","type-page","status-publish","hentry"],"kubio_ai_page_context":{"short_desc":"","purpose":"general"},"_links":{"self":[{"href":"http:\/\/biskopen.se\/index.php\/wp-json\/wp\/v2\/pages\/4058","targetHints":{"allow":["GET"]}}],"collection":[{"href":"http:\/\/biskopen.se\/index.php\/wp-json\/wp\/v2\/pages"}],"about":[{"href":"http:\/\/biskopen.se\/index.php\/wp-json\/wp\/v2\/types\/page"}],"author":[{"embeddable":true,"href":"http:\/\/biskopen.se\/index.php\/wp-json\/wp\/v2\/users\/4"}],"replies":[{"embeddable":true,"href":"http:\/\/biskopen.se\/index.php\/wp-json\/wp\/v2\/comments?post=4058"}],"version-history":[{"count":6,"href":"http:\/\/biskopen.se\/index.php\/wp-json\/wp\/v2\/pages\/4058\/revisions"}],"predecessor-version":[{"id":4358,"href":"http:\/\/biskopen.se\/index.php\/wp-json\/wp\/v2\/pages\/4058\/revisions\/4358"}],"wp:attachment":[{"href":"http:\/\/biskopen.se\/index.php\/wp-json\/wp\/v2\/media?parent=4058"}],"curies":[{"name":"wp","href":"https:\/\/api.w.org\/{rel}","templated":true}]}}