{"id":4094,"date":"2020-10-20T09:12:37","date_gmt":"2020-10-20T08:12:37","guid":{"rendered":"http:\/\/biskopen.se\/?page_id=4094"},"modified":"2020-10-23T13:30:00","modified_gmt":"2020-10-23T12:30:00","slug":"baner7","status":"publish","type":"page","link":"http:\/\/biskopen.se\/index.php\/baner7\/","title":{"rendered":"Ban\u00e9r 7"},"content":{"rendered":"\n<div class=\"wp-block-media-text alignwide has-background has-very-light-gray-background-color is-stacked-on-mobile\"><figure class=\"wp-block-media-text__media\"><img loading=\"lazy\" decoding=\"async\" width=\"768\" height=\"1024\" src=\"http:\/\/biskopen.se\/wp-content\/uploads\/2020\/10\/IMG_6529-768x1024.jpg\" alt=\"\" class=\"wp-image-4095\" srcset=\"http:\/\/biskopen.se\/wp-content\/uploads\/2020\/10\/IMG_6529-768x1024.jpg 768w, http:\/\/biskopen.se\/wp-content\/uploads\/2020\/10\/IMG_6529-225x300.jpg 225w, http:\/\/biskopen.se\/wp-content\/uploads\/2020\/10\/IMG_6529-1152x1536.jpg 1152w, http:\/\/biskopen.se\/wp-content\/uploads\/2020\/10\/IMG_6529-1536x2048.jpg 1536w, http:\/\/biskopen.se\/wp-content\/uploads\/2020\/10\/IMG_6529-1200x1600.jpg 1200w, http:\/\/biskopen.se\/wp-content\/uploads\/2020\/10\/IMG_6529-scaled.jpg 1920w\" sizes=\"(max-width: 768px) 100vw, 768px\" \/><\/figure><div class=\"wp-block-media-text__content\">\n<p class=\"has-background has-small-font-size has-very-light-gray-background-color\"><b>J\u00c4RNV\u00c4GSGATAN 20<\/b><br>Beteckning: Ban\u00e9r 7<br>Bygg\u00e5r: 1933 <br>Hiss: Ja <br>Antal l\u00e4genheter: 18 <br>Antal v\u00e5ningar: 5 v\u00e5ningar <\/p>\n<\/div><\/div>\n\n\n\n<p class=\"has-background has-normal-font-size has-very-light-gray-background-color\"><strong>\u201dCENTRUM \u2013 VID TUPPASKOLANS OMR\u00c5DE\u2026<\/strong><br>I n\u00e4rheten av flera gr\u00f6na parker och \u00e4nd\u00e5 n\u00e4ra city. H\u00e4r ifr\u00e5n beh\u00f6ver du inte ta m\u00e5nga steg f\u00f6r att hitta shopping, restauranger och caf\u00e9er att falla f\u00f6r.<strong>\u201d<\/strong><\/p>\n\n\n\n<figure class=\"wp-block-gallery columns-3 is-cropped wp-block-gallery-1 is-layout-flex wp-block-gallery-is-layout-flex\"><ul class=\"blocks-gallery-grid\"><li class=\"blocks-gallery-item\"><figure><img loading=\"lazy\" decoding=\"async\" width=\"768\" height=\"1024\" src=\"http:\/\/biskopen.se\/wp-content\/uploads\/2020\/10\/IMG_6529-768x1024.jpg\" alt=\"\" data-id=\"4095\" data-full-url=\"http:\/\/biskopen.se\/wp-content\/uploads\/2020\/10\/IMG_6529-scaled.jpg\" data-link=\"http:\/\/biskopen.se\/?attachment_id=4095\" class=\"wp-image-4095\" srcset=\"http:\/\/biskopen.se\/wp-content\/uploads\/2020\/10\/IMG_6529-768x1024.jpg 768w, http:\/\/biskopen.se\/wp-content\/uploads\/2020\/10\/IMG_6529-225x300.jpg 225w, http:\/\/biskopen.se\/wp-content\/uploads\/2020\/10\/IMG_6529-1152x1536.jpg 1152w, http:\/\/biskopen.se\/wp-content\/uploads\/2020\/10\/IMG_6529-1536x2048.jpg 1536w, http:\/\/biskopen.se\/wp-content\/uploads\/2020\/10\/IMG_6529-1200x1600.jpg 1200w, http:\/\/biskopen.se\/wp-content\/uploads\/2020\/10\/IMG_6529-scaled.jpg 1920w\" sizes=\"(max-width: 768px) 100vw, 768px\" \/><\/figure><\/li><li class=\"blocks-gallery-item\"><figure><img loading=\"lazy\" decoding=\"async\" width=\"768\" height=\"1024\" src=\"http:\/\/biskopen.se\/wp-content\/uploads\/2020\/10\/IMG_6623-768x1024.jpg\" alt=\"\" data-id=\"4106\" data-full-url=\"http:\/\/biskopen.se\/wp-content\/uploads\/2020\/10\/IMG_6623-scaled.jpg\" data-link=\"http:\/\/biskopen.se\/?attachment_id=4106\" class=\"wp-image-4106\" srcset=\"http:\/\/biskopen.se\/wp-content\/uploads\/2020\/10\/IMG_6623-768x1024.jpg 768w, http:\/\/biskopen.se\/wp-content\/uploads\/2020\/10\/IMG_6623-225x300.jpg 225w, http:\/\/biskopen.se\/wp-content\/uploads\/2020\/10\/IMG_6623-1152x1536.jpg 1152w, http:\/\/biskopen.se\/wp-content\/uploads\/2020\/10\/IMG_6623-1536x2048.jpg 1536w, http:\/\/biskopen.se\/wp-content\/uploads\/2020\/10\/IMG_6623-1200x1600.jpg 1200w, http:\/\/biskopen.se\/wp-content\/uploads\/2020\/10\/IMG_6623-scaled.jpg 1920w\" sizes=\"(max-width: 768px) 100vw, 768px\" \/><\/figure><\/li><li class=\"blocks-gallery-item\"><figure><img loading=\"lazy\" decoding=\"async\" width=\"768\" height=\"1024\" src=\"http:\/\/biskopen.se\/wp-content\/uploads\/2020\/10\/IMG_6531-1-768x1024.jpg\" alt=\"\" data-id=\"4096\" data-full-url=\"http:\/\/biskopen.se\/wp-content\/uploads\/2020\/10\/IMG_6531-1-scaled.jpg\" data-link=\"http:\/\/biskopen.se\/?attachment_id=4096\" class=\"wp-image-4096\" srcset=\"http:\/\/biskopen.se\/wp-content\/uploads\/2020\/10\/IMG_6531-1-768x1024.jpg 768w, http:\/\/biskopen.se\/wp-content\/uploads\/2020\/10\/IMG_6531-1-225x300.jpg 225w, http:\/\/biskopen.se\/wp-content\/uploads\/2020\/10\/IMG_6531-1-1152x1536.jpg 1152w, http:\/\/biskopen.se\/wp-content\/uploads\/2020\/10\/IMG_6531-1-1536x2048.jpg 1536w, http:\/\/biskopen.se\/wp-content\/uploads\/2020\/10\/IMG_6531-1-1200x1600.jpg 1200w, http:\/\/biskopen.se\/wp-content\/uploads\/2020\/10\/IMG_6531-1-scaled.jpg 1920w\" sizes=\"(max-width: 768px) 100vw, 768px\" \/><\/figure><\/li><li class=\"blocks-gallery-item\"><figure><img loading=\"lazy\" decoding=\"async\" width=\"768\" height=\"1024\" src=\"http:\/\/biskopen.se\/wp-content\/uploads\/2020\/10\/IMG_6596-768x1024.jpg\" alt=\"\" data-id=\"4101\" data-full-url=\"http:\/\/biskopen.se\/wp-content\/uploads\/2020\/10\/IMG_6596-scaled.jpg\" data-link=\"http:\/\/biskopen.se\/?attachment_id=4101\" class=\"wp-image-4101\" srcset=\"http:\/\/biskopen.se\/wp-content\/uploads\/2020\/10\/IMG_6596-768x1024.jpg 768w, http:\/\/biskopen.se\/wp-content\/uploads\/2020\/10\/IMG_6596-225x300.jpg 225w, http:\/\/biskopen.se\/wp-content\/uploads\/2020\/10\/IMG_6596-1152x1536.jpg 1152w, http:\/\/biskopen.se\/wp-content\/uploads\/2020\/10\/IMG_6596-1536x2048.jpg 1536w, http:\/\/biskopen.se\/wp-content\/uploads\/2020\/10\/IMG_6596-1200x1600.jpg 1200w, http:\/\/biskopen.se\/wp-content\/uploads\/2020\/10\/IMG_6596-scaled.jpg 1920w\" sizes=\"(max-width: 768px) 100vw, 768px\" \/><\/figure><\/li><li class=\"blocks-gallery-item\"><figure><img loading=\"lazy\" decoding=\"async\" width=\"768\" height=\"1024\" src=\"http:\/\/biskopen.se\/wp-content\/uploads\/2020\/10\/IMG_6589-768x1024.jpg\" alt=\"\" data-id=\"4099\" data-full-url=\"http:\/\/biskopen.se\/wp-content\/uploads\/2020\/10\/IMG_6589-scaled.jpg\" data-link=\"http:\/\/biskopen.se\/?attachment_id=4099\" class=\"wp-image-4099\" srcset=\"http:\/\/biskopen.se\/wp-content\/uploads\/2020\/10\/IMG_6589-768x1024.jpg 768w, http:\/\/biskopen.se\/wp-content\/uploads\/2020\/10\/IMG_6589-225x300.jpg 225w, http:\/\/biskopen.se\/wp-content\/uploads\/2020\/10\/IMG_6589-1152x1536.jpg 1152w, http:\/\/biskopen.se\/wp-content\/uploads\/2020\/10\/IMG_6589-1536x2048.jpg 1536w, http:\/\/biskopen.se\/wp-content\/uploads\/2020\/10\/IMG_6589-1200x1600.jpg 1200w, http:\/\/biskopen.se\/wp-content\/uploads\/2020\/10\/IMG_6589-scaled.jpg 1920w\" sizes=\"(max-width: 768px) 100vw, 768px\" \/><\/figure><\/li><li class=\"blocks-gallery-item\"><figure><img loading=\"lazy\" decoding=\"async\" width=\"768\" height=\"1024\" src=\"http:\/\/biskopen.se\/wp-content\/uploads\/2020\/10\/IMG_6592-768x1024.jpg\" alt=\"\" data-id=\"4100\" data-full-url=\"http:\/\/biskopen.se\/wp-content\/uploads\/2020\/10\/IMG_6592-scaled.jpg\" data-link=\"http:\/\/biskopen.se\/?attachment_id=4100\" class=\"wp-image-4100\" srcset=\"http:\/\/biskopen.se\/wp-content\/uploads\/2020\/10\/IMG_6592-768x1024.jpg 768w, http:\/\/biskopen.se\/wp-content\/uploads\/2020\/10\/IMG_6592-225x300.jpg 225w, http:\/\/biskopen.se\/wp-content\/uploads\/2020\/10\/IMG_6592-1152x1536.jpg 1152w, http:\/\/biskopen.se\/wp-content\/uploads\/2020\/10\/IMG_6592-1536x2048.jpg 1536w, http:\/\/biskopen.se\/wp-content\/uploads\/2020\/10\/IMG_6592-1200x1600.jpg 1200w, http:\/\/biskopen.se\/wp-content\/uploads\/2020\/10\/IMG_6592-scaled.jpg 1920w\" sizes=\"(max-width: 768px) 100vw, 768px\" \/><\/figure><\/li><li class=\"blocks-gallery-item\"><figure><img loading=\"lazy\" decoding=\"async\" width=\"768\" height=\"1024\" src=\"http:\/\/biskopen.se\/wp-content\/uploads\/2020\/10\/IMG_6542-1-768x1024.jpg\" alt=\"\" data-id=\"4097\" data-full-url=\"http:\/\/biskopen.se\/wp-content\/uploads\/2020\/10\/IMG_6542-1-scaled.jpg\" data-link=\"http:\/\/biskopen.se\/?attachment_id=4097\" class=\"wp-image-4097\" srcset=\"http:\/\/biskopen.se\/wp-content\/uploads\/2020\/10\/IMG_6542-1-768x1024.jpg 768w, http:\/\/biskopen.se\/wp-content\/uploads\/2020\/10\/IMG_6542-1-225x300.jpg 225w, http:\/\/biskopen.se\/wp-content\/uploads\/2020\/10\/IMG_6542-1-1152x1536.jpg 1152w, http:\/\/biskopen.se\/wp-content\/uploads\/2020\/10\/IMG_6542-1-1536x2048.jpg 1536w, http:\/\/biskopen.se\/wp-content\/uploads\/2020\/10\/IMG_6542-1-1200x1600.jpg 1200w, http:\/\/biskopen.se\/wp-content\/uploads\/2020\/10\/IMG_6542-1-scaled.jpg 1920w\" sizes=\"(max-width: 768px) 100vw, 768px\" \/><\/figure><\/li><li class=\"blocks-gallery-item\"><figure><img loading=\"lazy\" decoding=\"async\" width=\"768\" height=\"1024\" src=\"http:\/\/biskopen.se\/wp-content\/uploads\/2020\/10\/IMG_6616-1-768x1024.jpg\" alt=\"\" data-id=\"4105\" data-full-url=\"http:\/\/biskopen.se\/wp-content\/uploads\/2020\/10\/IMG_6616-1-scaled.jpg\" data-link=\"http:\/\/biskopen.se\/?attachment_id=4105\" class=\"wp-image-4105\" srcset=\"http:\/\/biskopen.se\/wp-content\/uploads\/2020\/10\/IMG_6616-1-768x1024.jpg 768w, http:\/\/biskopen.se\/wp-content\/uploads\/2020\/10\/IMG_6616-1-225x300.jpg 225w, http:\/\/biskopen.se\/wp-content\/uploads\/2020\/10\/IMG_6616-1-1152x1536.jpg 1152w, http:\/\/biskopen.se\/wp-content\/uploads\/2020\/10\/IMG_6616-1-1536x2048.jpg 1536w, http:\/\/biskopen.se\/wp-content\/uploads\/2020\/10\/IMG_6616-1-1200x1600.jpg 1200w, http:\/\/biskopen.se\/wp-content\/uploads\/2020\/10\/IMG_6616-1-scaled.jpg 1920w\" sizes=\"(max-width: 768px) 100vw, 768px\" \/><\/figure><\/li><li class=\"blocks-gallery-item\"><figure><img loading=\"lazy\" decoding=\"async\" width=\"768\" height=\"1024\" src=\"http:\/\/biskopen.se\/wp-content\/uploads\/2020\/10\/IMG_6632-768x1024.jpg\" alt=\"\" data-id=\"4108\" data-full-url=\"http:\/\/biskopen.se\/wp-content\/uploads\/2020\/10\/IMG_6632-scaled.jpg\" data-link=\"http:\/\/biskopen.se\/?attachment_id=4108\" class=\"wp-image-4108\" srcset=\"http:\/\/biskopen.se\/wp-content\/uploads\/2020\/10\/IMG_6632-768x1024.jpg 768w, http:\/\/biskopen.se\/wp-content\/uploads\/2020\/10\/IMG_6632-225x300.jpg 225w, http:\/\/biskopen.se\/wp-content\/uploads\/2020\/10\/IMG_6632-1152x1536.jpg 1152w, http:\/\/biskopen.se\/wp-content\/uploads\/2020\/10\/IMG_6632-1536x2048.jpg 1536w, http:\/\/biskopen.se\/wp-content\/uploads\/2020\/10\/IMG_6632-1200x1600.jpg 1200w, http:\/\/biskopen.se\/wp-content\/uploads\/2020\/10\/IMG_6632-scaled.jpg 1920w\" sizes=\"(max-width: 768px) 100vw, 768px\" \/><\/figure><\/li><li class=\"blocks-gallery-item\"><figure><img loading=\"lazy\" decoding=\"async\" width=\"768\" height=\"1024\" src=\"http:\/\/biskopen.se\/wp-content\/uploads\/2020\/10\/IMG_6587-768x1024.jpg\" alt=\"\" data-id=\"4098\" data-full-url=\"http:\/\/biskopen.se\/wp-content\/uploads\/2020\/10\/IMG_6587-scaled.jpg\" data-link=\"http:\/\/biskopen.se\/?attachment_id=4098\" class=\"wp-image-4098\" srcset=\"http:\/\/biskopen.se\/wp-content\/uploads\/2020\/10\/IMG_6587-768x1024.jpg 768w, http:\/\/biskopen.se\/wp-content\/uploads\/2020\/10\/IMG_6587-225x300.jpg 225w, http:\/\/biskopen.se\/wp-content\/uploads\/2020\/10\/IMG_6587-1152x1536.jpg 1152w, http:\/\/biskopen.se\/wp-content\/uploads\/2020\/10\/IMG_6587-1536x2048.jpg 1536w, http:\/\/biskopen.se\/wp-content\/uploads\/2020\/10\/IMG_6587-1200x1600.jpg 1200w, http:\/\/biskopen.se\/wp-content\/uploads\/2020\/10\/IMG_6587-scaled.jpg 1920w\" sizes=\"(max-width: 768px) 100vw, 768px\" \/><\/figure><\/li><li class=\"blocks-gallery-item\"><figure><img loading=\"lazy\" decoding=\"async\" width=\"768\" height=\"1024\" src=\"http:\/\/biskopen.se\/wp-content\/uploads\/2020\/10\/IMG_6606-768x1024.jpg\" alt=\"\" data-id=\"4102\" data-full-url=\"http:\/\/biskopen.se\/wp-content\/uploads\/2020\/10\/IMG_6606-scaled.jpg\" data-link=\"http:\/\/biskopen.se\/?attachment_id=4102\" class=\"wp-image-4102\" srcset=\"http:\/\/biskopen.se\/wp-content\/uploads\/2020\/10\/IMG_6606-768x1024.jpg 768w, http:\/\/biskopen.se\/wp-content\/uploads\/2020\/10\/IMG_6606-225x300.jpg 225w, http:\/\/biskopen.se\/wp-content\/uploads\/2020\/10\/IMG_6606-1152x1536.jpg 1152w, http:\/\/biskopen.se\/wp-content\/uploads\/2020\/10\/IMG_6606-1536x2048.jpg 1536w, http:\/\/biskopen.se\/wp-content\/uploads\/2020\/10\/IMG_6606-1200x1600.jpg 1200w, http:\/\/biskopen.se\/wp-content\/uploads\/2020\/10\/IMG_6606-scaled.jpg 1920w\" sizes=\"(max-width: 768px) 100vw, 768px\" \/><\/figure><\/li><li class=\"blocks-gallery-item\"><figure><img loading=\"lazy\" decoding=\"async\" width=\"768\" height=\"1024\" src=\"http:\/\/biskopen.se\/wp-content\/uploads\/2020\/10\/IMG_6629-1-768x1024.jpg\" alt=\"\" data-id=\"4107\" data-full-url=\"http:\/\/biskopen.se\/wp-content\/uploads\/2020\/10\/IMG_6629-1-scaled.jpg\" data-link=\"http:\/\/biskopen.se\/?attachment_id=4107\" class=\"wp-image-4107\" srcset=\"http:\/\/biskopen.se\/wp-content\/uploads\/2020\/10\/IMG_6629-1-768x1024.jpg 768w, http:\/\/biskopen.se\/wp-content\/uploads\/2020\/10\/IMG_6629-1-225x300.jpg 225w, http:\/\/biskopen.se\/wp-content\/uploads\/2020\/10\/IMG_6629-1-1152x1536.jpg 1152w, http:\/\/biskopen.se\/wp-content\/uploads\/2020\/10\/IMG_6629-1-1536x2048.jpg 1536w, http:\/\/biskopen.se\/wp-content\/uploads\/2020\/10\/IMG_6629-1-1200x1600.jpg 1200w, http:\/\/biskopen.se\/wp-content\/uploads\/2020\/10\/IMG_6629-1-scaled.jpg 1920w\" sizes=\"(max-width: 768px) 100vw, 768px\" \/><\/figure><\/li><li class=\"blocks-gallery-item\"><figure><img loading=\"lazy\" decoding=\"async\" width=\"768\" height=\"1024\" src=\"http:\/\/biskopen.se\/wp-content\/uploads\/2020\/10\/IMG_6614-1-768x1024.jpg\" alt=\"\" data-id=\"4104\" data-full-url=\"http:\/\/biskopen.se\/wp-content\/uploads\/2020\/10\/IMG_6614-1-scaled.jpg\" data-link=\"http:\/\/biskopen.se\/?attachment_id=4104\" class=\"wp-image-4104\" srcset=\"http:\/\/biskopen.se\/wp-content\/uploads\/2020\/10\/IMG_6614-1-768x1024.jpg 768w, http:\/\/biskopen.se\/wp-content\/uploads\/2020\/10\/IMG_6614-1-225x300.jpg 225w, http:\/\/biskopen.se\/wp-content\/uploads\/2020\/10\/IMG_6614-1-1152x1536.jpg 1152w, http:\/\/biskopen.se\/wp-content\/uploads\/2020\/10\/IMG_6614-1-1536x2048.jpg 1536w, http:\/\/biskopen.se\/wp-content\/uploads\/2020\/10\/IMG_6614-1-1200x1600.jpg 1200w, http:\/\/biskopen.se\/wp-content\/uploads\/2020\/10\/IMG_6614-1-scaled.jpg 1920w\" sizes=\"(max-width: 768px) 100vw, 768px\" \/><\/figure><\/li><\/ul><\/figure>\n\n\n\n<p class=\"has-small-font-size\">bakom kameran @amaandaolivia<\/p>\n","protected":false},"excerpt":{"rendered":"<p>J\u00c4RNV\u00c4GSGATAN 20Beteckning: Ban\u00e9r 7Bygg\u00e5r: 1933 Hiss: Ja Antal l\u00e4genheter: 18 Antal v\u00e5ningar: 5 v\u00e5ningar \u201dCENTRUM \u2013 VID TUPPASKOLANS OMR\u00c5DE\u2026I n\u00e4rheten av flera gr\u00f6na parker och \u00e4nd\u00e5 n\u00e4ra city. H\u00e4r ifr\u00e5n beh\u00f6ver du inte ta m\u00e5nga steg f\u00f6r att hitta shopping, restauranger och caf\u00e9er att falla f\u00f6r.\u201d bakom kameran @amaandaolivia<\/p>\n","protected":false},"author":4,"featured_media":0,"parent":0,"menu_order":0,"comment_status":"closed","ping_status":"closed","template":"","meta":{"saved_in_kubio":false,"footnotes":""},"class_list":["post-4094","page","type-page","status-publish","hentry"],"kubio_ai_page_context":{"short_desc":"","purpose":"general"},"_links":{"self":[{"href":"http:\/\/biskopen.se\/index.php\/wp-json\/wp\/v2\/pages\/4094","targetHints":{"allow":["GET"]}}],"collection":[{"href":"http:\/\/biskopen.se\/index.php\/wp-json\/wp\/v2\/pages"}],"about":[{"href":"http:\/\/biskopen.se\/index.php\/wp-json\/wp\/v2\/types\/page"}],"author":[{"embeddable":true,"href":"http:\/\/biskopen.se\/index.php\/wp-json\/wp\/v2\/users\/4"}],"replies":[{"embeddable":true,"href":"http:\/\/biskopen.se\/index.php\/wp-json\/wp\/v2\/comments?post=4094"}],"version-history":[{"count":5,"href":"http:\/\/biskopen.se\/index.php\/wp-json\/wp\/v2\/pages\/4094\/revisions"}],"predecessor-version":[{"id":4360,"href":"http:\/\/biskopen.se\/index.php\/wp-json\/wp\/v2\/pages\/4094\/revisions\/4360"}],"wp:attachment":[{"href":"http:\/\/biskopen.se\/index.php\/wp-json\/wp\/v2\/media?parent=4094"}],"curies":[{"name":"wp","href":"https:\/\/api.w.org\/{rel}","templated":true}]}}