{"id":4271,"date":"2020-10-21T16:31:15","date_gmt":"2020-10-21T15:31:15","guid":{"rendered":"http:\/\/biskopen.se\/?page_id=4271"},"modified":"2020-10-21T16:31:18","modified_gmt":"2020-10-21T15:31:18","slug":"ganymedes-25","status":"publish","type":"page","link":"http:\/\/biskopen.se\/index.php\/ganymedes-25\/","title":{"rendered":"Ganymedes 25"},"content":{"rendered":"\n<div class=\"wp-block-media-text alignwide has-background has-very-light-gray-background-color is-stacked-on-mobile\"><figure class=\"wp-block-media-text__media\"><img loading=\"lazy\" decoding=\"async\" width=\"768\" height=\"1024\" src=\"http:\/\/biskopen.se\/wp-content\/uploads\/2020\/10\/IMG_8627-768x1024.jpg\" alt=\"\" class=\"wp-image-4269\" srcset=\"http:\/\/biskopen.se\/wp-content\/uploads\/2020\/10\/IMG_8627-768x1024.jpg 768w, http:\/\/biskopen.se\/wp-content\/uploads\/2020\/10\/IMG_8627-225x300.jpg 225w, http:\/\/biskopen.se\/wp-content\/uploads\/2020\/10\/IMG_8627-1152x1536.jpg 1152w, http:\/\/biskopen.se\/wp-content\/uploads\/2020\/10\/IMG_8627-1536x2048.jpg 1536w, http:\/\/biskopen.se\/wp-content\/uploads\/2020\/10\/IMG_8627-1200x1600.jpg 1200w, http:\/\/biskopen.se\/wp-content\/uploads\/2020\/10\/IMG_8627-scaled.jpg 1920w\" sizes=\"(max-width: 768px) 100vw, 768px\" \/><\/figure><div class=\"wp-block-media-text__content\">\n<p class=\"has-background has-small-font-size has-very-light-gray-background-color\"><b>REPSLAGARGATAN 21<\/b><br>Beteckning: Ganymedes 25 <br>Bygg\u00e5r: 1937 <br>Hiss: Nej <br>Antal l\u00e4genheter: 5 <br>Antal v\u00e5ningar: 3 v\u00e5ningar <br>Antal garage: 2 <\/p>\n<\/div><\/div>\n\n\n\n<p class=\"has-background has-normal-font-size has-very-light-gray-background-color\"><strong>\u201dEGNA HEMS OMR\u00c5DET\u2026<\/strong><br>i Landskrona har man n\u00e4rhet till det mesta. Bor man i EGNA HEMS omr\u00e5det har man n\u00e4ra till vatten och om man vill ta sig vidare s\u00e5 \u00e4r det goda kommunikationer som buss, tr\u00e5dbuss och t\u00e5g som k\u00f6r till alla olika v\u00e4derstreck. Trots du inte bor i centrum s\u00e5 p\u00e5 n\u00e5gra minuter kan man snabbt och enkelt ta sig till stadens utbud av butiker, kultur och restauranger.<strong>\u201d<\/strong><\/p>\n\n\n\n<figure class=\"wp-block-gallery columns-3 is-cropped wp-block-gallery-1 is-layout-flex wp-block-gallery-is-layout-flex\"><ul class=\"blocks-gallery-grid\"><li class=\"blocks-gallery-item\"><figure><img loading=\"lazy\" decoding=\"async\" width=\"768\" height=\"1024\" src=\"http:\/\/biskopen.se\/wp-content\/uploads\/2020\/10\/IMG_8627-768x1024.jpg\" alt=\"\" data-id=\"4269\" data-full-url=\"http:\/\/biskopen.se\/wp-content\/uploads\/2020\/10\/IMG_8627-scaled.jpg\" data-link=\"http:\/\/biskopen.se\/index.php\/landskrona\/img_8627\/\" class=\"wp-image-4269\" srcset=\"http:\/\/biskopen.se\/wp-content\/uploads\/2020\/10\/IMG_8627-768x1024.jpg 768w, http:\/\/biskopen.se\/wp-content\/uploads\/2020\/10\/IMG_8627-225x300.jpg 225w, http:\/\/biskopen.se\/wp-content\/uploads\/2020\/10\/IMG_8627-1152x1536.jpg 1152w, http:\/\/biskopen.se\/wp-content\/uploads\/2020\/10\/IMG_8627-1536x2048.jpg 1536w, http:\/\/biskopen.se\/wp-content\/uploads\/2020\/10\/IMG_8627-1200x1600.jpg 1200w, http:\/\/biskopen.se\/wp-content\/uploads\/2020\/10\/IMG_8627-scaled.jpg 1920w\" sizes=\"(max-width: 768px) 100vw, 768px\" \/><\/figure><\/li><li class=\"blocks-gallery-item\"><figure><img loading=\"lazy\" decoding=\"async\" width=\"768\" height=\"1024\" src=\"http:\/\/biskopen.se\/wp-content\/uploads\/2020\/10\/IMG_8602-768x1024.jpg\" alt=\"\" data-id=\"4266\" data-full-url=\"http:\/\/biskopen.se\/wp-content\/uploads\/2020\/10\/IMG_8602-scaled.jpg\" data-link=\"http:\/\/biskopen.se\/index.php\/landskrona\/img_8602\/\" class=\"wp-image-4266\" srcset=\"http:\/\/biskopen.se\/wp-content\/uploads\/2020\/10\/IMG_8602-768x1024.jpg 768w, http:\/\/biskopen.se\/wp-content\/uploads\/2020\/10\/IMG_8602-225x300.jpg 225w, http:\/\/biskopen.se\/wp-content\/uploads\/2020\/10\/IMG_8602-1152x1536.jpg 1152w, http:\/\/biskopen.se\/wp-content\/uploads\/2020\/10\/IMG_8602-1536x2048.jpg 1536w, http:\/\/biskopen.se\/wp-content\/uploads\/2020\/10\/IMG_8602-1200x1600.jpg 1200w, http:\/\/biskopen.se\/wp-content\/uploads\/2020\/10\/IMG_8602-scaled.jpg 1920w\" sizes=\"(max-width: 768px) 100vw, 768px\" \/><\/figure><\/li><li class=\"blocks-gallery-item\"><figure><img loading=\"lazy\" decoding=\"async\" width=\"768\" height=\"1024\" src=\"http:\/\/biskopen.se\/wp-content\/uploads\/2020\/10\/IMG_8527-768x1024.jpg\" alt=\"\" data-id=\"4256\" data-full-url=\"http:\/\/biskopen.se\/wp-content\/uploads\/2020\/10\/IMG_8527-scaled.jpg\" data-link=\"http:\/\/biskopen.se\/index.php\/landskrona\/img_8527\/\" class=\"wp-image-4256\" srcset=\"http:\/\/biskopen.se\/wp-content\/uploads\/2020\/10\/IMG_8527-768x1024.jpg 768w, http:\/\/biskopen.se\/wp-content\/uploads\/2020\/10\/IMG_8527-225x300.jpg 225w, http:\/\/biskopen.se\/wp-content\/uploads\/2020\/10\/IMG_8527-1152x1536.jpg 1152w, http:\/\/biskopen.se\/wp-content\/uploads\/2020\/10\/IMG_8527-1536x2048.jpg 1536w, http:\/\/biskopen.se\/wp-content\/uploads\/2020\/10\/IMG_8527-1200x1600.jpg 1200w, http:\/\/biskopen.se\/wp-content\/uploads\/2020\/10\/IMG_8527-scaled.jpg 1920w\" sizes=\"(max-width: 768px) 100vw, 768px\" \/><\/figure><\/li><li class=\"blocks-gallery-item\"><figure><img loading=\"lazy\" decoding=\"async\" width=\"768\" height=\"1024\" src=\"http:\/\/biskopen.se\/wp-content\/uploads\/2020\/10\/IMG_8598-768x1024.jpg\" alt=\"\" data-id=\"4264\" data-full-url=\"http:\/\/biskopen.se\/wp-content\/uploads\/2020\/10\/IMG_8598-scaled.jpg\" data-link=\"http:\/\/biskopen.se\/index.php\/landskrona\/img_8598\/\" class=\"wp-image-4264\" srcset=\"http:\/\/biskopen.se\/wp-content\/uploads\/2020\/10\/IMG_8598-768x1024.jpg 768w, http:\/\/biskopen.se\/wp-content\/uploads\/2020\/10\/IMG_8598-225x300.jpg 225w, http:\/\/biskopen.se\/wp-content\/uploads\/2020\/10\/IMG_8598-1152x1536.jpg 1152w, http:\/\/biskopen.se\/wp-content\/uploads\/2020\/10\/IMG_8598-1536x2048.jpg 1536w, http:\/\/biskopen.se\/wp-content\/uploads\/2020\/10\/IMG_8598-1200x1600.jpg 1200w, http:\/\/biskopen.se\/wp-content\/uploads\/2020\/10\/IMG_8598-scaled.jpg 1920w\" sizes=\"(max-width: 768px) 100vw, 768px\" \/><\/figure><\/li><li class=\"blocks-gallery-item\"><figure><img loading=\"lazy\" decoding=\"async\" width=\"768\" height=\"1024\" src=\"http:\/\/biskopen.se\/wp-content\/uploads\/2020\/10\/IMG_8625-768x1024.jpg\" alt=\"\" data-id=\"4268\" data-full-url=\"http:\/\/biskopen.se\/wp-content\/uploads\/2020\/10\/IMG_8625-scaled.jpg\" data-link=\"http:\/\/biskopen.se\/index.php\/landskrona\/img_8625\/\" class=\"wp-image-4268\" srcset=\"http:\/\/biskopen.se\/wp-content\/uploads\/2020\/10\/IMG_8625-768x1024.jpg 768w, http:\/\/biskopen.se\/wp-content\/uploads\/2020\/10\/IMG_8625-225x300.jpg 225w, http:\/\/biskopen.se\/wp-content\/uploads\/2020\/10\/IMG_8625-1152x1536.jpg 1152w, http:\/\/biskopen.se\/wp-content\/uploads\/2020\/10\/IMG_8625-1536x2048.jpg 1536w, http:\/\/biskopen.se\/wp-content\/uploads\/2020\/10\/IMG_8625-1200x1600.jpg 1200w, http:\/\/biskopen.se\/wp-content\/uploads\/2020\/10\/IMG_8625-scaled.jpg 1920w\" sizes=\"(max-width: 768px) 100vw, 768px\" \/><\/figure><\/li><li class=\"blocks-gallery-item\"><figure><img loading=\"lazy\" decoding=\"async\" width=\"768\" height=\"1024\" src=\"http:\/\/biskopen.se\/wp-content\/uploads\/2020\/10\/IMG_8618-768x1024.jpg\" alt=\"\" data-id=\"4267\" data-full-url=\"http:\/\/biskopen.se\/wp-content\/uploads\/2020\/10\/IMG_8618-scaled.jpg\" data-link=\"http:\/\/biskopen.se\/index.php\/landskrona\/img_8618\/\" class=\"wp-image-4267\" srcset=\"http:\/\/biskopen.se\/wp-content\/uploads\/2020\/10\/IMG_8618-768x1024.jpg 768w, http:\/\/biskopen.se\/wp-content\/uploads\/2020\/10\/IMG_8618-225x300.jpg 225w, http:\/\/biskopen.se\/wp-content\/uploads\/2020\/10\/IMG_8618-1152x1536.jpg 1152w, http:\/\/biskopen.se\/wp-content\/uploads\/2020\/10\/IMG_8618-1536x2048.jpg 1536w, http:\/\/biskopen.se\/wp-content\/uploads\/2020\/10\/IMG_8618-1200x1600.jpg 1200w, http:\/\/biskopen.se\/wp-content\/uploads\/2020\/10\/IMG_8618-scaled.jpg 1920w\" sizes=\"(max-width: 768px) 100vw, 768px\" \/><\/figure><\/li><li class=\"blocks-gallery-item\"><figure><img loading=\"lazy\" decoding=\"async\" width=\"768\" height=\"1024\" src=\"http:\/\/biskopen.se\/wp-content\/uploads\/2020\/10\/IMG_8580-768x1024.jpg\" alt=\"\" data-id=\"4259\" data-full-url=\"http:\/\/biskopen.se\/wp-content\/uploads\/2020\/10\/IMG_8580-scaled.jpg\" data-link=\"http:\/\/biskopen.se\/index.php\/landskrona\/img_8580\/\" class=\"wp-image-4259\" srcset=\"http:\/\/biskopen.se\/wp-content\/uploads\/2020\/10\/IMG_8580-768x1024.jpg 768w, http:\/\/biskopen.se\/wp-content\/uploads\/2020\/10\/IMG_8580-225x300.jpg 225w, http:\/\/biskopen.se\/wp-content\/uploads\/2020\/10\/IMG_8580-1152x1536.jpg 1152w, http:\/\/biskopen.se\/wp-content\/uploads\/2020\/10\/IMG_8580-1536x2048.jpg 1536w, http:\/\/biskopen.se\/wp-content\/uploads\/2020\/10\/IMG_8580-1200x1600.jpg 1200w, http:\/\/biskopen.se\/wp-content\/uploads\/2020\/10\/IMG_8580-scaled.jpg 1920w\" sizes=\"(max-width: 768px) 100vw, 768px\" \/><\/figure><\/li><li class=\"blocks-gallery-item\"><figure><img loading=\"lazy\" decoding=\"async\" width=\"768\" height=\"1024\" src=\"http:\/\/biskopen.se\/wp-content\/uploads\/2020\/10\/IMG_8601-768x1024.jpg\" alt=\"\" data-id=\"4265\" data-full-url=\"http:\/\/biskopen.se\/wp-content\/uploads\/2020\/10\/IMG_8601-scaled.jpg\" data-link=\"http:\/\/biskopen.se\/index.php\/landskrona\/img_8601\/\" class=\"wp-image-4265\" srcset=\"http:\/\/biskopen.se\/wp-content\/uploads\/2020\/10\/IMG_8601-768x1024.jpg 768w, http:\/\/biskopen.se\/wp-content\/uploads\/2020\/10\/IMG_8601-225x300.jpg 225w, http:\/\/biskopen.se\/wp-content\/uploads\/2020\/10\/IMG_8601-1152x1536.jpg 1152w, http:\/\/biskopen.se\/wp-content\/uploads\/2020\/10\/IMG_8601-1536x2048.jpg 1536w, http:\/\/biskopen.se\/wp-content\/uploads\/2020\/10\/IMG_8601-1200x1600.jpg 1200w, http:\/\/biskopen.se\/wp-content\/uploads\/2020\/10\/IMG_8601-scaled.jpg 1920w\" sizes=\"(max-width: 768px) 100vw, 768px\" \/><\/figure><\/li><li class=\"blocks-gallery-item\"><figure><img loading=\"lazy\" decoding=\"async\" width=\"768\" height=\"1024\" src=\"http:\/\/biskopen.se\/wp-content\/uploads\/2020\/10\/IMG_8594-768x1024.jpg\" alt=\"\" data-id=\"4262\" data-full-url=\"http:\/\/biskopen.se\/wp-content\/uploads\/2020\/10\/IMG_8594-scaled.jpg\" data-link=\"http:\/\/biskopen.se\/index.php\/landskrona\/img_8594\/\" class=\"wp-image-4262\" srcset=\"http:\/\/biskopen.se\/wp-content\/uploads\/2020\/10\/IMG_8594-768x1024.jpg 768w, http:\/\/biskopen.se\/wp-content\/uploads\/2020\/10\/IMG_8594-225x300.jpg 225w, http:\/\/biskopen.se\/wp-content\/uploads\/2020\/10\/IMG_8594-1152x1536.jpg 1152w, http:\/\/biskopen.se\/wp-content\/uploads\/2020\/10\/IMG_8594-1536x2048.jpg 1536w, http:\/\/biskopen.se\/wp-content\/uploads\/2020\/10\/IMG_8594-1200x1600.jpg 1200w, http:\/\/biskopen.se\/wp-content\/uploads\/2020\/10\/IMG_8594-scaled.jpg 1920w\" sizes=\"(max-width: 768px) 100vw, 768px\" \/><\/figure><\/li><li class=\"blocks-gallery-item\"><figure><img loading=\"lazy\" decoding=\"async\" width=\"768\" height=\"1024\" src=\"http:\/\/biskopen.se\/wp-content\/uploads\/2020\/10\/IMG_8589-768x1024.jpg\" alt=\"\" data-id=\"4260\" data-full-url=\"http:\/\/biskopen.se\/wp-content\/uploads\/2020\/10\/IMG_8589-scaled.jpg\" data-link=\"http:\/\/biskopen.se\/index.php\/landskrona\/img_8589\/\" class=\"wp-image-4260\" srcset=\"http:\/\/biskopen.se\/wp-content\/uploads\/2020\/10\/IMG_8589-768x1024.jpg 768w, http:\/\/biskopen.se\/wp-content\/uploads\/2020\/10\/IMG_8589-225x300.jpg 225w, http:\/\/biskopen.se\/wp-content\/uploads\/2020\/10\/IMG_8589-1152x1536.jpg 1152w, http:\/\/biskopen.se\/wp-content\/uploads\/2020\/10\/IMG_8589-1536x2048.jpg 1536w, http:\/\/biskopen.se\/wp-content\/uploads\/2020\/10\/IMG_8589-1200x1600.jpg 1200w, http:\/\/biskopen.se\/wp-content\/uploads\/2020\/10\/IMG_8589-scaled.jpg 1920w\" sizes=\"(max-width: 768px) 100vw, 768px\" \/><\/figure><\/li><li class=\"blocks-gallery-item\"><figure><img loading=\"lazy\" decoding=\"async\" width=\"768\" height=\"1024\" src=\"http:\/\/biskopen.se\/wp-content\/uploads\/2020\/10\/IMG_8597-768x1024.jpg\" alt=\"\" data-id=\"4263\" data-full-url=\"http:\/\/biskopen.se\/wp-content\/uploads\/2020\/10\/IMG_8597-scaled.jpg\" data-link=\"http:\/\/biskopen.se\/index.php\/landskrona\/img_8597\/\" class=\"wp-image-4263\" srcset=\"http:\/\/biskopen.se\/wp-content\/uploads\/2020\/10\/IMG_8597-768x1024.jpg 768w, http:\/\/biskopen.se\/wp-content\/uploads\/2020\/10\/IMG_8597-225x300.jpg 225w, http:\/\/biskopen.se\/wp-content\/uploads\/2020\/10\/IMG_8597-1152x1536.jpg 1152w, http:\/\/biskopen.se\/wp-content\/uploads\/2020\/10\/IMG_8597-1536x2048.jpg 1536w, http:\/\/biskopen.se\/wp-content\/uploads\/2020\/10\/IMG_8597-1200x1600.jpg 1200w, http:\/\/biskopen.se\/wp-content\/uploads\/2020\/10\/IMG_8597-scaled.jpg 1920w\" sizes=\"(max-width: 768px) 100vw, 768px\" \/><\/figure><\/li><li class=\"blocks-gallery-item\"><figure><img loading=\"lazy\" decoding=\"async\" width=\"768\" height=\"1024\" src=\"http:\/\/biskopen.se\/wp-content\/uploads\/2020\/10\/IMG_8592-768x1024.jpg\" alt=\"\" data-id=\"4261\" data-full-url=\"http:\/\/biskopen.se\/wp-content\/uploads\/2020\/10\/IMG_8592-scaled.jpg\" data-link=\"http:\/\/biskopen.se\/index.php\/landskrona\/img_8592\/\" class=\"wp-image-4261\" srcset=\"http:\/\/biskopen.se\/wp-content\/uploads\/2020\/10\/IMG_8592-768x1024.jpg 768w, http:\/\/biskopen.se\/wp-content\/uploads\/2020\/10\/IMG_8592-225x300.jpg 225w, http:\/\/biskopen.se\/wp-content\/uploads\/2020\/10\/IMG_8592-1152x1536.jpg 1152w, http:\/\/biskopen.se\/wp-content\/uploads\/2020\/10\/IMG_8592-1536x2048.jpg 1536w, http:\/\/biskopen.se\/wp-content\/uploads\/2020\/10\/IMG_8592-1200x1600.jpg 1200w, http:\/\/biskopen.se\/wp-content\/uploads\/2020\/10\/IMG_8592-scaled.jpg 1920w\" sizes=\"(max-width: 768px) 100vw, 768px\" \/><\/figure><\/li><\/ul><\/figure>\n\n\n\n<p class=\"has-small-font-size\">bakom kameran @amaandaolivia<\/p>\n","protected":false},"excerpt":{"rendered":"<p>REPSLAGARGATAN 21Beteckning: Ganymedes 25 Bygg\u00e5r: 1937 Hiss: Nej Antal l\u00e4genheter: 5 Antal v\u00e5ningar: 3 v\u00e5ningar Antal garage: 2 \u201dEGNA HEMS OMR\u00c5DET\u2026i Landskrona har man n\u00e4rhet till det mesta. Bor man i EGNA HEMS omr\u00e5det har man n\u00e4ra till vatten och om man vill ta sig vidare s\u00e5 \u00e4r det goda kommunikationer som buss, tr\u00e5dbuss och t\u00e5g som k\u00f6r till alla olika v\u00e4derstreck. Trots du inte bor i centrum s\u00e5 p\u00e5 n\u00e5gra minuter kan man snabbt och enkelt ta sig till&#8230;<\/p>\n<p class=\"read-more\"><a class=\"btn btn-default\" href=\"http:\/\/biskopen.se\/index.php\/ganymedes-25\/\">L\u00e4s mer<span class=\"screen-reader-text\"> L\u00e4s mer<\/span><\/a><\/p>\n","protected":false},"author":4,"featured_media":0,"parent":0,"menu_order":0,"comment_status":"closed","ping_status":"closed","template":"","meta":{"saved_in_kubio":false,"footnotes":""},"class_list":["post-4271","page","type-page","status-publish","hentry"],"kubio_ai_page_context":{"short_desc":"","purpose":"general"},"_links":{"self":[{"href":"http:\/\/biskopen.se\/index.php\/wp-json\/wp\/v2\/pages\/4271","targetHints":{"allow":["GET"]}}],"collection":[{"href":"http:\/\/biskopen.se\/index.php\/wp-json\/wp\/v2\/pages"}],"about":[{"href":"http:\/\/biskopen.se\/index.php\/wp-json\/wp\/v2\/types\/page"}],"author":[{"embeddable":true,"href":"http:\/\/biskopen.se\/index.php\/wp-json\/wp\/v2\/users\/4"}],"replies":[{"embeddable":true,"href":"http:\/\/biskopen.se\/index.php\/wp-json\/wp\/v2\/comments?post=4271"}],"version-history":[{"count":1,"href":"http:\/\/biskopen.se\/index.php\/wp-json\/wp\/v2\/pages\/4271\/revisions"}],"predecessor-version":[{"id":4272,"href":"http:\/\/biskopen.se\/index.php\/wp-json\/wp\/v2\/pages\/4271\/revisions\/4272"}],"wp:attachment":[{"href":"http:\/\/biskopen.se\/index.php\/wp-json\/wp\/v2\/media?parent=4271"}],"curies":[{"name":"wp","href":"https:\/\/api.w.org\/{rel}","templated":true}]}}