{"id":125,"date":"2018-03-21T17:16:41","date_gmt":"2018-03-21T17:16:41","guid":{"rendered":"http:\/\/biskopen.se\/?page_id=125"},"modified":"2020-10-15T20:06:52","modified_gmt":"2020-10-15T19:06:52","slug":"helsingborg","status":"publish","type":"page","link":"https:\/\/biskopen.se\/index.php\/helsingborg\/","title":{"rendered":"Helsingborg"},"content":{"rendered":"\n<h3 class=\"wp-block-heading\">Omr\u00e5de och adresser<\/h3>\n\n\n\n<figure class=\"wp-block-table\"><table class=\"has-subtle-light-gray-background-color has-fixed-layout has-background\"><tbody><tr><td class=\"has-text-align-center\" data-align=\"center\"><img loading=\"lazy\" decoding=\"async\" width=\"100\" height=\"196\" scale=\"0\" class=\"wp-image-309\" style=\"width: 100px;\" src=\"http:\/\/biskopen.se\/wp-content\/uploads\/2018\/03\/Biskop-hus-dark.png\" alt=\"\" srcset=\"https:\/\/biskopen.se\/wp-content\/uploads\/2018\/03\/Biskop-hus-dark.png 891w, https:\/\/biskopen.se\/wp-content\/uploads\/2018\/03\/Biskop-hus-dark-153x300.png 153w, https:\/\/biskopen.se\/wp-content\/uploads\/2018\/03\/Biskop-hus-dark-768x1505.png 768w, https:\/\/biskopen.se\/wp-content\/uploads\/2018\/03\/Biskop-hus-dark-523x1024.png 523w\" sizes=\"(max-width: 100px) 100vw, 100px\" \/><br><strong>MIATORP<\/strong><\/td><td class=\"has-text-align-center\" data-align=\"center\"><img loading=\"lazy\" decoding=\"async\" width=\"100\" height=\"196\" scale=\"0\" class=\"wp-image-309\" style=\"width: 100px;\" src=\"http:\/\/biskopen.se\/wp-content\/uploads\/2018\/03\/Biskop-hus-dark.png\" alt=\"\" srcset=\"https:\/\/biskopen.se\/wp-content\/uploads\/2018\/03\/Biskop-hus-dark.png 891w, https:\/\/biskopen.se\/wp-content\/uploads\/2018\/03\/Biskop-hus-dark-153x300.png 153w, https:\/\/biskopen.se\/wp-content\/uploads\/2018\/03\/Biskop-hus-dark-768x1505.png 768w, https:\/\/biskopen.se\/wp-content\/uploads\/2018\/03\/Biskop-hus-dark-523x1024.png 523w\" sizes=\"(max-width: 100px) 100vw, 100px\" \/><br><strong>MIATORP<\/strong><\/td><\/tr><tr><td class=\"has-text-align-center\" data-align=\"center\">Planteringsv\u00e4gen 85<\/td><td class=\"has-text-align-center\" data-align=\"center\">Planteringsv\u00e4gen 87<\/td><\/tr><tr><td class=\"has-text-align-center\" data-align=\"center\"><img loading=\"lazy\" decoding=\"async\" width=\"100\" height=\"196\" scale=\"0\" class=\"wp-image-309\" style=\"width: 100px;\" src=\"http:\/\/biskopen.se\/wp-content\/uploads\/2018\/03\/Biskop-hus-dark.png\" alt=\"\" srcset=\"https:\/\/biskopen.se\/wp-content\/uploads\/2018\/03\/Biskop-hus-dark.png 891w, https:\/\/biskopen.se\/wp-content\/uploads\/2018\/03\/Biskop-hus-dark-153x300.png 153w, https:\/\/biskopen.se\/wp-content\/uploads\/2018\/03\/Biskop-hus-dark-768x1505.png 768w, https:\/\/biskopen.se\/wp-content\/uploads\/2018\/03\/Biskop-hus-dark-523x1024.png 523w\" sizes=\"(max-width: 100px) 100vw, 100px\" \/><br><strong>MIATORP<\/strong><\/td><td class=\"has-text-align-center\" data-align=\"center\"><img decoding=\"async\" src=\"http:\/\/biskopen.se\/wp-content\/uploads\/2018\/03\/Biskop-hus-dark.png\" alt=\"\" style=\"width: 100px;\"><br><strong>MIATORP<\/strong><\/td><\/tr><tr><td class=\"has-text-align-center\" data-align=\"center\">Planteringsv\u00e4gen 88<\/td><td class=\"has-text-align-center\" data-align=\"center\">Planteringsv\u00e4gen 89<br>Planteringsv\u00e4gen 91<\/td><\/tr><tr><td class=\"has-text-align-center\" data-align=\"center\"><img decoding=\"async\" src=\"http:\/\/biskopen.se\/wp-content\/uploads\/2018\/03\/Biskop-hus-dark.png\" alt=\"\" style=\"width: 100px;\"><br><strong>MIATORP<\/strong><\/td><td class=\"has-text-align-center\" data-align=\"center\"><img decoding=\"async\" src=\"http:\/\/biskopen.se\/wp-content\/uploads\/2018\/03\/Biskop-hus-dark.png\" alt=\"\" style=\"width: 100px;\"><br><strong>MIATORP<\/strong><\/td><\/tr><tr><td class=\"has-text-align-center\" data-align=\"center\">Planteringsv\u00e4gen 93<\/td><td class=\"has-text-align-center\" data-align=\"center\">Planteringsv\u00e4gen 95A-D<\/td><\/tr><tr><td class=\"has-text-align-center\" data-align=\"center\"><img loading=\"lazy\" decoding=\"async\" width=\"100\" height=\"196\" scale=\"0\" class=\"wp-image-309\" style=\"width: 100px;\" src=\"http:\/\/biskopen.se\/wp-content\/uploads\/2018\/03\/Biskop-hus-dark.png\" alt=\"\" srcset=\"https:\/\/biskopen.se\/wp-content\/uploads\/2018\/03\/Biskop-hus-dark.png 891w, https:\/\/biskopen.se\/wp-content\/uploads\/2018\/03\/Biskop-hus-dark-153x300.png 153w, https:\/\/biskopen.se\/wp-content\/uploads\/2018\/03\/Biskop-hus-dark-768x1505.png 768w, https:\/\/biskopen.se\/wp-content\/uploads\/2018\/03\/Biskop-hus-dark-523x1024.png 523w\" sizes=\"(max-width: 100px) 100vw, 100px\" \/><br><strong>FREDRIKSDAL<\/strong><\/td><td class=\"has-text-align-center\" data-align=\"center\"><img decoding=\"async\" scale=\"0\" src=\"http:\/\/biskopen.se\/wp-content\/uploads\/2018\/03\/Biskop-hus-dark.png\" style=\"width: 100px;\" alt=\"\"><br><strong>FREDRIKSDAL<\/strong><\/td><\/tr><tr><td class=\"has-text-align-center\" data-align=\"center\">L\u00e4gerv\u00e4gen 27A-C<br>L\u00e4gerv\u00e4gen 29A-B<\/td><td class=\"has-text-align-center\" data-align=\"center\">L\u00e4gerv\u00e4gen 31A-B<br>L\u00e4gerv\u00e4gen 33A-B<\/td><\/tr><tr><td class=\"has-text-align-center\" data-align=\"center\"><img decoding=\"async\" scale=\"0\" src=\"http:\/\/biskopen.se\/wp-content\/uploads\/2018\/03\/Biskop-hus-dark.png\" style=\"width: 100px;\" alt=\"\"><br><strong>FREDRIKSDAL<\/strong><\/td><td class=\"has-text-align-center\" data-align=\"center\"><\/td><\/tr><tr><td class=\"has-text-align-center\" data-align=\"center\">L\u00e4gerv\u00e4gen 35A-B<br>L\u00e4gerv\u00e4gen 37A-B<\/td><td class=\"has-text-align-center\" data-align=\"center\"><\/td><\/tr><tr><td class=\"has-text-align-center\" data-align=\"center\"><img decoding=\"async\" src=\"http:\/\/biskopen.se\/wp-content\/uploads\/2018\/03\/Biskop-hus-dark.png\" style=\"width: 100px;\" alt=\"\"><br><strong>SLOTTSH\u00d6JDEN<\/strong><\/td><td class=\"has-text-align-center\" data-align=\"center\"><img decoding=\"async\" scale=\"0\" src=\"http:\/\/biskopen.se\/wp-content\/uploads\/2018\/03\/Biskop-hus-dark.png\" style=\"width: 100px;\" alt=\"\"><br><strong>H\u00d6GABORG<\/strong><\/td><\/tr><tr><td class=\"has-text-align-center\" data-align=\"center\"><strong>55+HUS<\/strong><br>Kopparm\u00f6llegatan 19A-C<br>M\u00e4ster Ernst Gata 7<\/td><td class=\"has-text-align-center\" data-align=\"center\">Kristinegatan 9<\/td><\/tr><\/tbody><\/table><\/figure>\n","protected":false},"excerpt":{"rendered":"<p>Omr\u00e5de och adresser MIATORP MIATORP Planteringsv\u00e4gen 85 Planteringsv\u00e4gen 87 MIATORP MIATORP Planteringsv\u00e4gen 88 Planteringsv\u00e4gen 89Planteringsv\u00e4gen 91 MIATORP MIATORP Planteringsv\u00e4gen 93 Planteringsv\u00e4gen 95A-D FREDRIKSDAL FREDRIKSDAL L\u00e4gerv\u00e4gen 27A-CL\u00e4gerv\u00e4gen 29A-B L\u00e4gerv\u00e4gen 31A-BL\u00e4gerv\u00e4gen 33A-B FREDRIKSDAL L\u00e4gerv\u00e4gen 35A-BL\u00e4gerv\u00e4gen 37A-B SLOTTSH\u00d6JDEN H\u00d6GABORG 55+HUSKopparm\u00f6llegatan 19A-CM\u00e4ster Ernst Gata 7 Kristinegatan 9<\/p>\n","protected":false},"author":3,"featured_media":0,"parent":0,"menu_order":0,"comment_status":"closed","ping_status":"closed","template":"","meta":{"saved_in_kubio":false,"footnotes":""},"class_list":["post-125","page","type-page","status-publish","hentry"],"kubio_ai_page_context":{"short_desc":"","purpose":"general"},"_links":{"self":[{"href":"https:\/\/biskopen.se\/index.php\/wp-json\/wp\/v2\/pages\/125","targetHints":{"allow":["GET"]}}],"collection":[{"href":"https:\/\/biskopen.se\/index.php\/wp-json\/wp\/v2\/pages"}],"about":[{"href":"https:\/\/biskopen.se\/index.php\/wp-json\/wp\/v2\/types\/page"}],"author":[{"embeddable":true,"href":"https:\/\/biskopen.se\/index.php\/wp-json\/wp\/v2\/users\/3"}],"replies":[{"embeddable":true,"href":"https:\/\/biskopen.se\/index.php\/wp-json\/wp\/v2\/comments?post=125"}],"version-history":[{"count":3,"href":"https:\/\/biskopen.se\/index.php\/wp-json\/wp\/v2\/pages\/125\/revisions"}],"predecessor-version":[{"id":3953,"href":"https:\/\/biskopen.se\/index.php\/wp-json\/wp\/v2\/pages\/125\/revisions\/3953"}],"wp:attachment":[{"href":"https:\/\/biskopen.se\/index.php\/wp-json\/wp\/v2\/media?parent=125"}],"curies":[{"name":"wp","href":"https:\/\/api.w.org\/{rel}","templated":true}]}}