{"id":126,"date":"2018-03-21T17:16:41","date_gmt":"2018-03-21T17:16:41","guid":{"rendered":"http:\/\/biskopen.se\/?page_id=126"},"modified":"2021-02-02T12:10:09","modified_gmt":"2021-02-02T11:10:09","slug":"landskrona","status":"publish","type":"page","link":"https:\/\/biskopen.se\/index.php\/landskrona\/","title":{"rendered":"Landskrona"},"content":{"rendered":"\n<h3 class=\"wp-block-heading\">Omr\u00e5de och adresser<\/h3>\n\n\n\n<figure class=\"wp-block-table\"><table class=\"has-subtle-light-gray-background-color has-fixed-layout has-background\"><tbody><tr><td class=\"has-text-align-center\" data-align=\"center\"><img loading=\"lazy\" decoding=\"async\" width=\"300\" height=\"400\" scale=\"0\" class=\"wp-image-4180\" style=\"width: 300px;\" src=\"http:\/\/biskopen.se\/wp-content\/uploads\/2020\/10\/IMG_8802-scaled.jpg\" alt=\"\" srcset=\"https:\/\/biskopen.se\/wp-content\/uploads\/2020\/10\/IMG_8802-scaled.jpg 1920w, https:\/\/biskopen.se\/wp-content\/uploads\/2020\/10\/IMG_8802-225x300.jpg 225w, https:\/\/biskopen.se\/wp-content\/uploads\/2020\/10\/IMG_8802-768x1024.jpg 768w, https:\/\/biskopen.se\/wp-content\/uploads\/2020\/10\/IMG_8802-1152x1536.jpg 1152w, https:\/\/biskopen.se\/wp-content\/uploads\/2020\/10\/IMG_8802-1536x2048.jpg 1536w, https:\/\/biskopen.se\/wp-content\/uploads\/2020\/10\/IMG_8802-1200x1600.jpg 1200w\" sizes=\"(max-width: 300px) 100vw, 300px\" \/><br><strong>Gamla Stan<\/strong><\/td><td class=\"has-text-align-center\" data-align=\"center\"><img loading=\"lazy\" decoding=\"async\" width=\"300\" height=\"400\" scale=\"0\" class=\"wp-image-3834\" style=\"width: 300px;\" src=\"http:\/\/biskopen.se\/wp-content\/uploads\/2020\/10\/IMG_3154-1-scaled.jpg\" alt=\"\" srcset=\"https:\/\/biskopen.se\/wp-content\/uploads\/2020\/10\/IMG_3154-1-scaled.jpg 1920w, https:\/\/biskopen.se\/wp-content\/uploads\/2020\/10\/IMG_3154-1-225x300.jpg 225w, https:\/\/biskopen.se\/wp-content\/uploads\/2020\/10\/IMG_3154-1-768x1024.jpg 768w, https:\/\/biskopen.se\/wp-content\/uploads\/2020\/10\/IMG_3154-1-1152x1536.jpg 1152w, https:\/\/biskopen.se\/wp-content\/uploads\/2020\/10\/IMG_3154-1-1536x2048.jpg 1536w, https:\/\/biskopen.se\/wp-content\/uploads\/2020\/10\/IMG_3154-1-1200x1600.jpg 1200w\" sizes=\"(max-width: 300px) 100vw, 300px\" \/><br><strong>Gamla Stan<\/strong><\/td><\/tr><tr><td class=\"has-text-align-center\" data-align=\"center\"><a href=\"http:\/\/biskopen.se\/index.php\/gamlastaden4\/\">Kungsgatan 22<\/a><\/td><td class=\"has-text-align-center\" data-align=\"center\"><a href=\"http:\/\/biskopen.se\/index.php\/gamlastaden13\/\">Kungsgatan 24A-C<br>Kungsgatan 26<br>Slottsgatan 4<\/a><\/td><\/tr><tr><td class=\"has-text-align-center\" data-align=\"center\"><img loading=\"lazy\" decoding=\"async\" width=\"300\" height=\"400\" class=\"wp-image-3975\" style=\"width: 300px;\" src=\"http:\/\/biskopen.se\/wp-content\/uploads\/2020\/10\/IMG_6041-scaled.jpg\" alt=\"\" srcset=\"https:\/\/biskopen.se\/wp-content\/uploads\/2020\/10\/IMG_6041-scaled.jpg 1920w, https:\/\/biskopen.se\/wp-content\/uploads\/2020\/10\/IMG_6041-225x300.jpg 225w, https:\/\/biskopen.se\/wp-content\/uploads\/2020\/10\/IMG_6041-768x1024.jpg 768w, https:\/\/biskopen.se\/wp-content\/uploads\/2020\/10\/IMG_6041-1152x1536.jpg 1152w, https:\/\/biskopen.se\/wp-content\/uploads\/2020\/10\/IMG_6041-1536x2048.jpg 1536w, https:\/\/biskopen.se\/wp-content\/uploads\/2020\/10\/IMG_6041-1200x1600.jpg 1200w\" sizes=\"(max-width: 300px) 100vw, 300px\" \/><br><strong>Kasernplan<\/strong><\/td><td class=\"has-text-align-center\" data-align=\"center\"><img loading=\"lazy\" decoding=\"async\" width=\"300\" height=\"400\" class=\"wp-image-4033\" style=\"width: 300px;\" src=\"http:\/\/biskopen.se\/wp-content\/uploads\/2020\/10\/IMG_6420-scaled.jpg\" alt=\"\" srcset=\"https:\/\/biskopen.se\/wp-content\/uploads\/2020\/10\/IMG_6420-scaled.jpg 1920w, https:\/\/biskopen.se\/wp-content\/uploads\/2020\/10\/IMG_6420-225x300.jpg 225w, https:\/\/biskopen.se\/wp-content\/uploads\/2020\/10\/IMG_6420-768x1024.jpg 768w, https:\/\/biskopen.se\/wp-content\/uploads\/2020\/10\/IMG_6420-1152x1536.jpg 1152w, https:\/\/biskopen.se\/wp-content\/uploads\/2020\/10\/IMG_6420-1536x2048.jpg 1536w, https:\/\/biskopen.se\/wp-content\/uploads\/2020\/10\/IMG_6420-1200x1600.jpg 1200w\" sizes=\"(max-width: 300px) 100vw, 300px\" \/><br><strong>Kasernplan<\/strong><\/td><\/tr><tr><td class=\"has-text-align-center\" data-align=\"center\"><a href=\"http:\/\/biskopen.se\/index.php\/rehnschold10\/\">Eriksgatan 8<\/a><\/td><td class=\"has-text-align-center\" data-align=\"center\"><a href=\"http:\/\/biskopen.se\/index.php\/rehnschold6\/\">Eriksgatan 16<br>G:a Kyrkogatan 17<\/a><\/td><\/tr><tr><td class=\"has-text-align-center\" data-align=\"center\"><img loading=\"lazy\" decoding=\"async\" width=\"300\" height=\"400\" class=\"wp-image-3989\" style=\"width: 300px;\" src=\"http:\/\/biskopen.se\/wp-content\/uploads\/2020\/10\/IMG_6075-scaled.jpg\" alt=\"\" srcset=\"https:\/\/biskopen.se\/wp-content\/uploads\/2020\/10\/IMG_6075-scaled.jpg 1920w, https:\/\/biskopen.se\/wp-content\/uploads\/2020\/10\/IMG_6075-225x300.jpg 225w, https:\/\/biskopen.se\/wp-content\/uploads\/2020\/10\/IMG_6075-768x1024.jpg 768w, https:\/\/biskopen.se\/wp-content\/uploads\/2020\/10\/IMG_6075-1152x1536.jpg 1152w, https:\/\/biskopen.se\/wp-content\/uploads\/2020\/10\/IMG_6075-1536x2048.jpg 1536w, https:\/\/biskopen.se\/wp-content\/uploads\/2020\/10\/IMG_6075-1200x1600.jpg 1200w\" sizes=\"(max-width: 300px) 100vw, 300px\" \/><br><strong>Kasernplan<\/strong><\/td><td class=\"has-text-align-center\" data-align=\"center\"><img loading=\"lazy\" decoding=\"async\" width=\"300\" height=\"400\" class=\"wp-image-4017\" style=\"width: 300px;\" src=\"http:\/\/biskopen.se\/wp-content\/uploads\/2020\/10\/IMG_6094-1-scaled.jpg\" alt=\"\" srcset=\"https:\/\/biskopen.se\/wp-content\/uploads\/2020\/10\/IMG_6094-1-scaled.jpg 1920w, https:\/\/biskopen.se\/wp-content\/uploads\/2020\/10\/IMG_6094-1-225x300.jpg 225w, https:\/\/biskopen.se\/wp-content\/uploads\/2020\/10\/IMG_6094-1-768x1024.jpg 768w, https:\/\/biskopen.se\/wp-content\/uploads\/2020\/10\/IMG_6094-1-1152x1536.jpg 1152w, https:\/\/biskopen.se\/wp-content\/uploads\/2020\/10\/IMG_6094-1-1536x2048.jpg 1536w, https:\/\/biskopen.se\/wp-content\/uploads\/2020\/10\/IMG_6094-1-1200x1600.jpg 1200w\" sizes=\"(max-width: 300px) 100vw, 300px\" \/><br><strong>Kasernplan<\/strong><\/td><\/tr><tr><td class=\"has-text-align-center\" data-align=\"center\"><a href=\"http:\/\/biskopen.se\/index.php\/rehnschold24\/\">Eriksgatan 20<br>G:a Kyrkogatan 19A-B<\/a><\/td><td class=\"has-text-align-center\" data-align=\"center\"><a href=\"http:\/\/biskopen.se\/index.php\/rehnschold26\/\">Eriksgatan 22<\/a><\/td><\/tr><tr><td class=\"has-text-align-center\" data-align=\"center\"><img loading=\"lazy\" decoding=\"async\" width=\"300\" height=\"400\" class=\"wp-image-4045\" style=\"width: 300px;\" src=\"http:\/\/biskopen.se\/wp-content\/uploads\/2020\/10\/IMG_6143-scaled.jpg\" alt=\"\" srcset=\"https:\/\/biskopen.se\/wp-content\/uploads\/2020\/10\/IMG_6143-scaled.jpg 1920w, https:\/\/biskopen.se\/wp-content\/uploads\/2020\/10\/IMG_6143-225x300.jpg 225w, https:\/\/biskopen.se\/wp-content\/uploads\/2020\/10\/IMG_6143-768x1024.jpg 768w, https:\/\/biskopen.se\/wp-content\/uploads\/2020\/10\/IMG_6143-1152x1536.jpg 1152w, https:\/\/biskopen.se\/wp-content\/uploads\/2020\/10\/IMG_6143-1536x2048.jpg 1536w, https:\/\/biskopen.se\/wp-content\/uploads\/2020\/10\/IMG_6143-1200x1600.jpg 1200w\" sizes=\"(max-width: 300px) 100vw, 300px\" \/><br><strong>Kasernplan<\/strong><\/td><td class=\"has-text-align-center\" data-align=\"center\"><br><\/td><\/tr><tr><td class=\"has-text-align-center\" data-align=\"center\"><a href=\"http:\/\/biskopen.se\/index.php\/rehnschold1\/\">Eriksgatan 26<\/a><\/td><td class=\"has-text-align-center\" data-align=\"center\"><\/td><\/tr><tr><td class=\"has-text-align-center\" data-align=\"center\"><img loading=\"lazy\" decoding=\"async\" width=\"300\" height=\"400\" class=\"wp-image-4060\" style=\"width: 300px;\" src=\"http:\/\/biskopen.se\/wp-content\/uploads\/2020\/10\/IMG_6458-scaled.jpg\" alt=\"\" srcset=\"https:\/\/biskopen.se\/wp-content\/uploads\/2020\/10\/IMG_6458-scaled.jpg 1920w, https:\/\/biskopen.se\/wp-content\/uploads\/2020\/10\/IMG_6458-225x300.jpg 225w, https:\/\/biskopen.se\/wp-content\/uploads\/2020\/10\/IMG_6458-768x1024.jpg 768w, https:\/\/biskopen.se\/wp-content\/uploads\/2020\/10\/IMG_6458-1152x1536.jpg 1152w, https:\/\/biskopen.se\/wp-content\/uploads\/2020\/10\/IMG_6458-1536x2048.jpg 1536w, https:\/\/biskopen.se\/wp-content\/uploads\/2020\/10\/IMG_6458-1200x1600.jpg 1200w\" sizes=\"(max-width: 300px) 100vw, 300px\" \/><br><strong>Centrum<br>&#8221;vid Tuppaskolan&#8221;<\/strong><\/td><td class=\"has-text-align-center\" data-align=\"center\"><img loading=\"lazy\" decoding=\"async\" width=\"300\" height=\"400\" class=\"wp-image-4078\" style=\"width: 300px;\" src=\"http:\/\/biskopen.se\/wp-content\/uploads\/2020\/10\/IMG_6531-scaled.jpg\" alt=\"\" srcset=\"https:\/\/biskopen.se\/wp-content\/uploads\/2020\/10\/IMG_6531-scaled.jpg 1920w, https:\/\/biskopen.se\/wp-content\/uploads\/2020\/10\/IMG_6531-225x300.jpg 225w, https:\/\/biskopen.se\/wp-content\/uploads\/2020\/10\/IMG_6531-768x1024.jpg 768w, https:\/\/biskopen.se\/wp-content\/uploads\/2020\/10\/IMG_6531-1152x1536.jpg 1152w, https:\/\/biskopen.se\/wp-content\/uploads\/2020\/10\/IMG_6531-1536x2048.jpg 1536w, https:\/\/biskopen.se\/wp-content\/uploads\/2020\/10\/IMG_6531-1200x1600.jpg 1200w\" sizes=\"(max-width: 300px) 100vw, 300px\" \/><br><strong>Centrum<br>&#8221;vid Tuppaskolan&#8221;<\/strong><\/td><\/tr><tr><td class=\"has-text-align-center\" data-align=\"center\"><a href=\"http:\/\/biskopen.se\/index.php\/baner2\/\">J\u00e4rnv\u00e4gsgatan 16<\/a><\/td><td class=\"has-text-align-center\" data-align=\"center\"><a href=\"http:\/\/biskopen.se\/index.php\/baner6\/\">J\u00e4rnv\u00e4gsgatan 18<\/a><\/td><\/tr><tr><td class=\"has-text-align-center\" data-align=\"center\"><img loading=\"lazy\" decoding=\"async\" width=\"300\" height=\"400\" class=\"wp-image-4097\" style=\"width: 300px;\" src=\"http:\/\/biskopen.se\/wp-content\/uploads\/2020\/10\/IMG_6542-1-scaled.jpg\" alt=\"\" srcset=\"https:\/\/biskopen.se\/wp-content\/uploads\/2020\/10\/IMG_6542-1-scaled.jpg 1920w, https:\/\/biskopen.se\/wp-content\/uploads\/2020\/10\/IMG_6542-1-225x300.jpg 225w, https:\/\/biskopen.se\/wp-content\/uploads\/2020\/10\/IMG_6542-1-768x1024.jpg 768w, https:\/\/biskopen.se\/wp-content\/uploads\/2020\/10\/IMG_6542-1-1152x1536.jpg 1152w, https:\/\/biskopen.se\/wp-content\/uploads\/2020\/10\/IMG_6542-1-1536x2048.jpg 1536w, https:\/\/biskopen.se\/wp-content\/uploads\/2020\/10\/IMG_6542-1-1200x1600.jpg 1200w\" sizes=\"(max-width: 300px) 100vw, 300px\" \/><br><strong>Centrum<br>&#8221;vid Tuppaskolan&#8221;<\/strong><\/td><td class=\"has-text-align-center\" data-align=\"center\"><\/td><\/tr><tr><td class=\"has-text-align-center\" data-align=\"center\"><a href=\"http:\/\/biskopen.se\/index.php\/baner7\/\">J\u00e4rnv\u00e4gsgatan 20<\/a><\/td><td class=\"has-text-align-center\" data-align=\"center\"><\/td><\/tr><tr><td class=\"has-text-align-center\" data-align=\"center\"><img loading=\"lazy\" decoding=\"async\" width=\"100\" height=\"196\" class=\"wp-image-309\" style=\"width: 100px;\" src=\"http:\/\/biskopen.se\/wp-content\/uploads\/2018\/03\/Biskop-hus-dark.png\" alt=\"\" srcset=\"https:\/\/biskopen.se\/wp-content\/uploads\/2018\/03\/Biskop-hus-dark.png 891w, https:\/\/biskopen.se\/wp-content\/uploads\/2018\/03\/Biskop-hus-dark-153x300.png 153w, https:\/\/biskopen.se\/wp-content\/uploads\/2018\/03\/Biskop-hus-dark-768x1505.png 768w, https:\/\/biskopen.se\/wp-content\/uploads\/2018\/03\/Biskop-hus-dark-523x1024.png 523w\" sizes=\"(max-width: 100px) 100vw, 100px\" \/><br><strong>Centrum<\/strong><br>&#8221;<strong>i n\u00e4rheten utav dammarna<\/strong>&#8221;<\/td><td class=\"has-text-align-center\" data-align=\"center\"><img loading=\"lazy\" decoding=\"async\" width=\"300\" height=\"400\" class=\"wp-image-4408\" style=\"width: 300px;\" src=\"http:\/\/biskopen.se\/wp-content\/uploads\/2020\/11\/IMG_2732-scaled.jpg\" alt=\"\" srcset=\"https:\/\/biskopen.se\/wp-content\/uploads\/2020\/11\/IMG_2732-scaled.jpg 1920w, https:\/\/biskopen.se\/wp-content\/uploads\/2020\/11\/IMG_2732-225x300.jpg 225w, https:\/\/biskopen.se\/wp-content\/uploads\/2020\/11\/IMG_2732-768x1024.jpg 768w, https:\/\/biskopen.se\/wp-content\/uploads\/2020\/11\/IMG_2732-1152x1536.jpg 1152w, https:\/\/biskopen.se\/wp-content\/uploads\/2020\/11\/IMG_2732-1536x2048.jpg 1536w, https:\/\/biskopen.se\/wp-content\/uploads\/2020\/11\/IMG_2732-1200x1600.jpg 1200w\" sizes=\"(max-width: 300px) 100vw, 300px\" \/><br><strong>Centrum<br>&#8221;vid Infarten s\u00f6dra&#8221;<\/strong><\/td><\/tr><tr><td class=\"has-text-align-center\" data-align=\"center\">Gj\u00f6rloffsgatan 126<\/td><td class=\"has-text-align-center\" data-align=\"center\"><a href=\"http:\/\/biskopen.se\/index.php\/ejdern41\/\">Hantverkargatan 2A-C<\/a><\/td><\/tr><tr><td class=\"has-text-align-center\" data-align=\"center\"><img loading=\"lazy\" decoding=\"async\" width=\"100\" height=\"196\" scale=\"0\" class=\"wp-image-309\" style=\"width: 100px;\" src=\"http:\/\/biskopen.se\/wp-content\/uploads\/2018\/03\/Biskop-hus-dark.png\" alt=\"\" srcset=\"https:\/\/biskopen.se\/wp-content\/uploads\/2018\/03\/Biskop-hus-dark.png 891w, https:\/\/biskopen.se\/wp-content\/uploads\/2018\/03\/Biskop-hus-dark-153x300.png 153w, https:\/\/biskopen.se\/wp-content\/uploads\/2018\/03\/Biskop-hus-dark-768x1505.png 768w, https:\/\/biskopen.se\/wp-content\/uploads\/2018\/03\/Biskop-hus-dark-523x1024.png 523w\" sizes=\"(max-width: 100px) 100vw, 100px\" \/><br><strong>Hyllingelyckan<\/strong><\/td><td class=\"has-text-align-center\" data-align=\"center\"><img loading=\"lazy\" decoding=\"async\" width=\"100\" height=\"196\" scale=\"0\" class=\"wp-image-309\" style=\"width: 100px;\" src=\"http:\/\/biskopen.se\/wp-content\/uploads\/2018\/03\/Biskop-hus-dark.png\" alt=\"\" srcset=\"https:\/\/biskopen.se\/wp-content\/uploads\/2018\/03\/Biskop-hus-dark.png 891w, https:\/\/biskopen.se\/wp-content\/uploads\/2018\/03\/Biskop-hus-dark-153x300.png 153w, https:\/\/biskopen.se\/wp-content\/uploads\/2018\/03\/Biskop-hus-dark-768x1505.png 768w, https:\/\/biskopen.se\/wp-content\/uploads\/2018\/03\/Biskop-hus-dark-523x1024.png 523w\" sizes=\"(max-width: 100px) 100vw, 100px\" \/><br><strong>Hyllingelyckan<\/strong><\/td><\/tr><tr><td class=\"has-text-align-center\" data-align=\"center\">Hantverkargatan 43<\/td><td class=\"has-text-align-center\" data-align=\"center\">Hantverkargatan 45<\/td><\/tr><tr><td class=\"has-text-align-center\" data-align=\"center\"><img loading=\"lazy\" decoding=\"async\" width=\"300\" height=\"400\" class=\"wp-image-4274\" style=\"width: 300px;\" src=\"http:\/\/biskopen.se\/wp-content\/uploads\/2020\/10\/IMG_8533-scaled.jpg\" alt=\"\" srcset=\"https:\/\/biskopen.se\/wp-content\/uploads\/2020\/10\/IMG_8533-scaled.jpg 1920w, https:\/\/biskopen.se\/wp-content\/uploads\/2020\/10\/IMG_8533-225x300.jpg 225w, https:\/\/biskopen.se\/wp-content\/uploads\/2020\/10\/IMG_8533-768x1024.jpg 768w, https:\/\/biskopen.se\/wp-content\/uploads\/2020\/10\/IMG_8533-1152x1536.jpg 1152w, https:\/\/biskopen.se\/wp-content\/uploads\/2020\/10\/IMG_8533-1536x2048.jpg 1536w, https:\/\/biskopen.se\/wp-content\/uploads\/2020\/10\/IMG_8533-1200x1600.jpg 1200w\" sizes=\"(max-width: 300px) 100vw, 300px\" \/><br><strong>Egna Hems omr\u00e5det<\/strong><\/td><td class=\"has-text-align-center\" data-align=\"center\"><img loading=\"lazy\" decoding=\"async\" width=\"300\" height=\"400\" class=\"wp-image-4327\" style=\"width: 300px;\" src=\"http:\/\/biskopen.se\/wp-content\/uploads\/2020\/10\/IMG_8629-scaled.jpg\" alt=\"\" srcset=\"https:\/\/biskopen.se\/wp-content\/uploads\/2020\/10\/IMG_8629-scaled.jpg 1920w, https:\/\/biskopen.se\/wp-content\/uploads\/2020\/10\/IMG_8629-225x300.jpg 225w, https:\/\/biskopen.se\/wp-content\/uploads\/2020\/10\/IMG_8629-768x1024.jpg 768w, https:\/\/biskopen.se\/wp-content\/uploads\/2020\/10\/IMG_8629-1152x1536.jpg 1152w, https:\/\/biskopen.se\/wp-content\/uploads\/2020\/10\/IMG_8629-1536x2048.jpg 1536w, https:\/\/biskopen.se\/wp-content\/uploads\/2020\/10\/IMG_8629-1200x1600.jpg 1200w\" sizes=\"(max-width: 300px) 100vw, 300px\" \/><br><strong>Egna Hems omr\u00e5det<\/strong><\/td><\/tr><tr><td class=\"has-text-align-center\" data-align=\"center\"><a href=\"http:\/\/biskopen.se\/index.php\/ganymedes35\/\">Repslagargatan 17<\/a><\/td><td class=\"has-text-align-center\" data-align=\"center\"><a href=\"http:\/\/biskopen.se\/index.php\/ganymedes34\/\">Repslagargatan 19<\/a><\/td><\/tr><tr><td class=\"has-text-align-center\" data-align=\"center\"><img loading=\"lazy\" decoding=\"async\" width=\"300\" height=\"400\" class=\"wp-image-4256\" style=\"width: 300px;\" src=\"http:\/\/biskopen.se\/wp-content\/uploads\/2020\/10\/IMG_8527-scaled.jpg\" alt=\"\" srcset=\"https:\/\/biskopen.se\/wp-content\/uploads\/2020\/10\/IMG_8527-scaled.jpg 1920w, https:\/\/biskopen.se\/wp-content\/uploads\/2020\/10\/IMG_8527-225x300.jpg 225w, https:\/\/biskopen.se\/wp-content\/uploads\/2020\/10\/IMG_8527-768x1024.jpg 768w, https:\/\/biskopen.se\/wp-content\/uploads\/2020\/10\/IMG_8527-1152x1536.jpg 1152w, https:\/\/biskopen.se\/wp-content\/uploads\/2020\/10\/IMG_8527-1536x2048.jpg 1536w, https:\/\/biskopen.se\/wp-content\/uploads\/2020\/10\/IMG_8527-1200x1600.jpg 1200w\" sizes=\"(max-width: 300px) 100vw, 300px\" \/><br><strong>Egna Hems omr\u00e5det<\/strong><\/td><td class=\"has-text-align-center\" data-align=\"center\"><img loading=\"lazy\" decoding=\"async\" width=\"300\" height=\"400\" class=\"wp-image-4236\" style=\"width: 300px;\" src=\"http:\/\/biskopen.se\/wp-content\/uploads\/2020\/10\/IMG_8521-scaled.jpg\" alt=\"\" srcset=\"https:\/\/biskopen.se\/wp-content\/uploads\/2020\/10\/IMG_8521-scaled.jpg 1920w, https:\/\/biskopen.se\/wp-content\/uploads\/2020\/10\/IMG_8521-225x300.jpg 225w, https:\/\/biskopen.se\/wp-content\/uploads\/2020\/10\/IMG_8521-768x1024.jpg 768w, https:\/\/biskopen.se\/wp-content\/uploads\/2020\/10\/IMG_8521-1152x1536.jpg 1152w, https:\/\/biskopen.se\/wp-content\/uploads\/2020\/10\/IMG_8521-1536x2048.jpg 1536w, https:\/\/biskopen.se\/wp-content\/uploads\/2020\/10\/IMG_8521-1200x1600.jpg 1200w\" sizes=\"(max-width: 300px) 100vw, 300px\" \/><br><strong>Egna Hems omr\u00e5det<\/strong><\/td><\/tr><tr><td class=\"has-text-align-center\" data-align=\"center\"><a href=\"http:\/\/biskopen.se\/index.php\/ganymedes-25\/\">Repslagargatan 21<\/a><\/td><td class=\"has-text-align-center\" data-align=\"center\"><a href=\"http:\/\/biskopen.se\/index.php\/boston19\/\">Repslagargatan 26<\/a><\/td><\/tr><tr><td class=\"has-text-align-center\" data-align=\"center\"><img loading=\"lazy\" decoding=\"async\" width=\"300\" height=\"400\" class=\"wp-image-4206\" style=\"width: 300px;\" src=\"http:\/\/biskopen.se\/wp-content\/uploads\/2020\/10\/IMG_8519-scaled.jpg\" alt=\"\" srcset=\"https:\/\/biskopen.se\/wp-content\/uploads\/2020\/10\/IMG_8519-scaled.jpg 1920w, https:\/\/biskopen.se\/wp-content\/uploads\/2020\/10\/IMG_8519-225x300.jpg 225w, https:\/\/biskopen.se\/wp-content\/uploads\/2020\/10\/IMG_8519-768x1024.jpg 768w, https:\/\/biskopen.se\/wp-content\/uploads\/2020\/10\/IMG_8519-1152x1536.jpg 1152w, https:\/\/biskopen.se\/wp-content\/uploads\/2020\/10\/IMG_8519-1536x2048.jpg 1536w, https:\/\/biskopen.se\/wp-content\/uploads\/2020\/10\/IMG_8519-1200x1600.jpg 1200w\" sizes=\"(max-width: 300px) 100vw, 300px\" \/><br><strong>Egna Hems omr\u00e5det<\/strong><\/td><td class=\"has-text-align-center\" data-align=\"center\"><br><\/td><\/tr><tr><td class=\"has-text-align-center\" data-align=\"center\"><a href=\"http:\/\/biskopen.se\/index.php\/boston20\/\">Repslagargatan 28<br>N.Infartsgatan 14<br>N.Infartsgatan 16<\/a><\/td><td class=\"has-text-align-center\" data-align=\"center\"><\/td><\/tr><tr><td class=\"has-text-align-center\" data-align=\"center\"><img decoding=\"async\" scale=\"0\" src=\"http:\/\/biskopen.se\/wp-content\/uploads\/2018\/03\/Biskop-hus-dark.png\" style=\"width: 100px;\" alt=\"\"><br><strong>Borstahusen<\/strong><\/td><td class=\"has-text-align-center\" data-align=\"center\"><img decoding=\"async\" scale=\"0\" src=\"http:\/\/biskopen.se\/wp-content\/uploads\/2018\/03\/Biskop-hus-dark.png\" style=\"width: 100px;\" alt=\"\"><br><strong>Borstahusen<\/strong><\/td><\/tr><tr><td class=\"has-text-align-center\" data-align=\"center\">Erikstorpsv\u00e4gen 69<\/td><td class=\"has-text-align-center\" data-align=\"center\">Erikstorpsv\u00e4gen 71A-B<\/td><\/tr><\/tbody><\/table><\/figure>\n\n\n\n<p class=\"has-small-font-size\">bakom kameran @amaandaolivia<\/p>\n","protected":false},"excerpt":{"rendered":"<p>Omr\u00e5de och adresser Gamla Stan Gamla Stan Kungsgatan 22 Kungsgatan 24A-CKungsgatan 26Slottsgatan 4 Kasernplan Kasernplan Eriksgatan 8 Eriksgatan 16G:a Kyrkogatan 17 Kasernplan Kasernplan Eriksgatan 20G:a Kyrkogatan 19A-B Eriksgatan 22 Kasernplan Eriksgatan 26 Centrum&#8221;vid Tuppaskolan&#8221; Centrum&#8221;vid Tuppaskolan&#8221; J\u00e4rnv\u00e4gsgatan 16 J\u00e4rnv\u00e4gsgatan 18 Centrum&#8221;vid Tuppaskolan&#8221; J\u00e4rnv\u00e4gsgatan 20 Centrum&#8221;i n\u00e4rheten utav dammarna&#8221; Centrum&#8221;vid Infarten s\u00f6dra&#8221; Gj\u00f6rloffsgatan 126 Hantverkargatan 2A-C Hyllingelyckan Hyllingelyckan Hantverkargatan 43 Hantverkargatan 45 Egna Hems omr\u00e5det Egna Hems omr\u00e5det Repslagargatan 17 Repslagargatan 19 Egna Hems omr\u00e5det Egna Hems omr\u00e5det Repslagargatan 21 Repslagargatan&#8230;<\/p>\n<p class=\"read-more\"><a class=\"btn btn-default\" href=\"https:\/\/biskopen.se\/index.php\/landskrona\/\">L\u00e4s mer<span class=\"screen-reader-text\"> L\u00e4s mer<\/span><\/a><\/p>\n","protected":false},"author":3,"featured_media":0,"parent":0,"menu_order":0,"comment_status":"closed","ping_status":"closed","template":"","meta":{"saved_in_kubio":false,"footnotes":""},"class_list":["post-126","page","type-page","status-publish","hentry"],"kubio_ai_page_context":{"short_desc":"","purpose":"general"},"_links":{"self":[{"href":"https:\/\/biskopen.se\/index.php\/wp-json\/wp\/v2\/pages\/126","targetHints":{"allow":["GET"]}}],"collection":[{"href":"https:\/\/biskopen.se\/index.php\/wp-json\/wp\/v2\/pages"}],"about":[{"href":"https:\/\/biskopen.se\/index.php\/wp-json\/wp\/v2\/types\/page"}],"author":[{"embeddable":true,"href":"https:\/\/biskopen.se\/index.php\/wp-json\/wp\/v2\/users\/3"}],"replies":[{"embeddable":true,"href":"https:\/\/biskopen.se\/index.php\/wp-json\/wp\/v2\/comments?post=126"}],"version-history":[{"count":25,"href":"https:\/\/biskopen.se\/index.php\/wp-json\/wp\/v2\/pages\/126\/revisions"}],"predecessor-version":[{"id":4664,"href":"https:\/\/biskopen.se\/index.php\/wp-json\/wp\/v2\/pages\/126\/revisions\/4664"}],"wp:attachment":[{"href":"https:\/\/biskopen.se\/index.php\/wp-json\/wp\/v2\/media?parent=126"}],"curies":[{"name":"wp","href":"https:\/\/api.w.org\/{rel}","templated":true}]}}