{"id":375,"date":"2018-03-28T07:59:01","date_gmt":"2018-03-28T06:59:01","guid":{"rendered":"http:\/\/biskopen.se\/?page_id=375"},"modified":"2025-12-10T10:54:05","modified_gmt":"2025-12-10T09:54:05","slug":"biskopen","status":"publish","type":"page","link":"https:\/\/biskopen.se\/","title":{"rendered":"V\u00e4lkommen till Biskopen"},"content":{"rendered":"\n<p>Information:<\/p>\n\n\n\n\n\n<pre class=\"wp-block-preformatted has-kubio-color-5-background-color has-background\">Hyresf\u00f6rhandlingarna f\u00f6r Helsingborg, Landskrona och Marieholm \u00e4r nu klara f\u00f6r 2026.<br><br>Helsingborg: 2,97% fr.o.m 1 januari<br>Landskrona: 2,97% fr.o.m 1 januari<br>Marieholm: 2,97% fr.o.m 1 januari <br><br>Den nya hyran framg\u00e5r av din hyresavi och g\u00e4ller fr\u00e5n om med den 1 januari 2026.<\/pre>\n\n\n\n\n\n<pre class=\"wp-block-preformatted has-kubio-color-5-background-color has-background\">Fr.o.m den 12 januari 2024 finner Ni oss p\u00e5 Krokstorpsv\u00e4gen 7 i Glumsl\u00f6v<br><br>Bes\u00f6ksadress: Krokstorpsv\u00e4gen 7 i Glumsl\u00f6v<\/pre>\n\n\n","protected":false},"excerpt":{"rendered":"<p>Information: Hyresf\u00f6rhandlingarna f\u00f6r Helsingborg, Landskrona och Marieholm \u00e4r nu klara f\u00f6r 2026.Helsingborg: 2,97% fr.o.m 1 januariLandskrona: 2,97% fr.o.m 1 januariMarieholm: 2,97% fr.o.m 1 januari Den nya hyran framg\u00e5r av din hyresavi och g\u00e4ller fr\u00e5n om med den 1 januari 2026. Fr.o.m den 12 januari 2024 finner Ni oss p\u00e5 Krokstorpsv\u00e4gen 7 i Glumsl\u00f6vBes\u00f6ksadress: Krokstorpsv\u00e4gen 7 i Glumsl\u00f6v<\/p>\n","protected":false},"author":3,"featured_media":0,"parent":0,"menu_order":0,"comment_status":"closed","ping_status":"closed","template":"","meta":{"saved_in_kubio":true,"footnotes":""},"class_list":["post-375","page","type-page","status-publish","hentry"],"kubio_ai_page_context":{"short_desc":"","purpose":"general"},"_links":{"self":[{"href":"https:\/\/biskopen.se\/index.php\/wp-json\/wp\/v2\/pages\/375","targetHints":{"allow":["GET"]}}],"collection":[{"href":"https:\/\/biskopen.se\/index.php\/wp-json\/wp\/v2\/pages"}],"about":[{"href":"https:\/\/biskopen.se\/index.php\/wp-json\/wp\/v2\/types\/page"}],"author":[{"embeddable":true,"href":"https:\/\/biskopen.se\/index.php\/wp-json\/wp\/v2\/users\/3"}],"replies":[{"embeddable":true,"href":"https:\/\/biskopen.se\/index.php\/wp-json\/wp\/v2\/comments?post=375"}],"version-history":[{"count":56,"href":"https:\/\/biskopen.se\/index.php\/wp-json\/wp\/v2\/pages\/375\/revisions"}],"predecessor-version":[{"id":10421,"href":"https:\/\/biskopen.se\/index.php\/wp-json\/wp\/v2\/pages\/375\/revisions\/10421"}],"wp:attachment":[{"href":"https:\/\/biskopen.se\/index.php\/wp-json\/wp\/v2\/media?parent=375"}],"curies":[{"name":"wp","href":"https:\/\/api.w.org\/{rel}","templated":true}]}}